{"id":637,"date":"2025-05-13T19:01:36","date_gmt":"2025-05-13T19:01:36","guid":{"rendered":"https:\/\/xn--arago-bsa.com\/produit\/2025-nouvelle-batterie-3000mah-100-vitesses-ai-supraconducteur-refroidissement-suspendu-cou-exterieur-mini-ventilateur-portable-pliant-puissant-turbofan\/"},"modified":"2025-07-07T10:27:21","modified_gmt":"2025-07-07T10:27:21","slug":"ventilateur-supraconducteur-3000mah-ai","status":"publish","type":"product","link":"https:\/\/xn--arago-bsa.com\/en\/product\/ventilateur-supraconducteur-3000mah-ai\/","title":{"rendered":"Superconducting fan 3000mAh - 100 speeds"},"content":{"rendered":"<div class=\"product-specs-list-container\">\n<h2 data-start=\"184\" data-end=\"263\" class=\"translation-block\">\ud83c\udf2c\ufe0f <b>Superconducting Fan - 100 Speeds, AI &amp; 3000mAh Battery<\/b><\/h2>\n<p data-start=\"265\" data-end=\"673\" class=\"translation-block\">Treat yourself to instant freshness with the new-generation <b>superconducting fan<\/b>. Thanks to its <b>AI cooling technology<\/b>, this intelligent fan automatically adjusts its speed according to the ambient temperature to keep you as comfortable as possible at all times. Compact, lightweight and hanging around your neck, it lets you stay cool in total freedom - without your hands.<\/p>\n<p data-start=\"675\" data-end=\"992\" class=\"translation-block\">This fan is equipped with a <b>powerful turboprop motor<\/b>, capable of producing an <b>airflow of up to 10 m\/s<\/b>, with a cooling effect of up to <b>-15\u00b0C<\/b>. Ideal for summer, public transport, festivals or teleworking, it's fast becoming an essential everyday accessory.<\/p>\n<p data-start=\"994\" data-end=\"1274\" class=\"translation-block\">Its <b>3000mAh battery<\/b> guarantees an impressive <b>30 hours of autonomy<\/b>, so you can use it all day without having to recharge it. With its <b>100 adjustable speeds<\/b>, you can adjust the ventilation to suit you, from a gentle breeze to an icy wind.<\/p>\n<hr data-start=\"1276\" data-end=\"1279\" \/>\n<h3 data-start=\"1281\" data-end=\"1341\" class=\"translation-block\">\u2705 <b>Characteristics of the superconducting fan<\/b><\/h3>\n<ul data-start=\"1343\" data-end=\"1700\">\n<li data-start=\"1343\" data-end=\"1392\">\n<p data-start=\"1345\" data-end=\"1392\" class=\"translation-block\"><b>100 speeds<\/b> with AI intelligent control<\/p>\n<\/li>\n<li data-start=\"1393\" data-end=\"1455\">\n<p data-start=\"1395\" data-end=\"1455\" class=\"translation-block\"><b>Superconducting cooling<\/b>: immediate ice effect<\/p>\n<\/li>\n<li data-start=\"1456\" data-end=\"1507\">\n<p data-start=\"1458\" data-end=\"1507\" class=\"translation-block\"><b>Autonomy up to 30h<\/b> with 3000mAh battery<\/p>\n<\/li>\n<li data-start=\"1508\" data-end=\"1569\">\n<p data-start=\"1510\" data-end=\"1569\" class=\"translation-block\"><b>Design futuriste<\/b> : transparent style<\/p>\n<\/li>\n<li data-start=\"1570\" data-end=\"1630\">\n<p data-start=\"1572\" data-end=\"1630\" class=\"translation-block\"><b>Lightweight (300g)<\/b>, easy to carry and transport transparent style<\/p>\n<\/li>\n<li data-start=\"1631\" data-end=\"1700\">\n<p data-start=\"1633\" data-end=\"1700\" class=\"translation-block\"><b>Quiet<\/b>, ideal for office or public use<\/p>\n<\/li>\n<\/ul>\n<hr data-start=\"2320\" data-end=\"2323\" \/>\n<h3 data-start=\"1849\" data-end=\"1870\" class=\"translation-block\"><span class=\"_fadeIn_m1hgl_8\">\ud83d\udd17 <\/span><span class=\"_fadeIn_m1hgl_8\">Links <\/span><span class=\"_fadeIn_m1hgl_8\">Useful:<\/span><\/h3>\n<ul>\n<li class=\"translation-block\"><a class=\"cursor-pointer\" href=\"https:\/\/xn--arago-bsa.com\/en\/tous-les-produits\/?v=82a9e4d26595\" target=\"_new\" rel=\"noopener\" data-start=\"1425\" data-end=\"1514\"><span class=\"_fadeIn_m1hgl_8\">Discover <\/span><span class=\"_fadeIn_m1hgl_8\">our <\/span><span class=\"_fadeIn_m1hgl_8\">other <\/span><span class=\"_fadeIn_m1hgl_8\">portable <\/span><span class=\"_fadeIn_m1hgl_8\">fans<\/span><\/a><\/li>\n<\/ul>\n<hr data-start=\"2588\" data-end=\"2591\" \/>\n<h2 data-start=\"2094\" data-end=\"2156\" class=\"translation-block\">\ud83e\uddca <b>Why choose this superconducting fan?<\/b><\/h2>\n<p data-start=\"2158\" data-end=\"2423\" class=\"translation-block\">Perfect for summer, transport or poorly <b>ventilated<\/b> environments, this fan keeps you cool all day long, without compromising on style or comfort. It's <b>the essential tool<\/b> for coping with the heat effectively.<\/p>\n<p data-start=\"2158\" data-end=\"2423\" class=\"translation-block\"><b>Don't let the heat spoil your day<\/b>. Thanks to the <b>superconducting fan<\/b>, you can enjoy instant, intelligent and stylish cooling. Whether for work, sport or travel, it's there to keep you cool.<\/p>\n<p>&nbsp;<\/p>\n<\/div>\n<div class=\"detailmodule_html\">\n<div class=\"detail-desc-decorate-richtext\">\n<div class=\"detailmodule_html\">\n<div class=\"detail-desc-decorate-richtext\">\n<p style=\"font-family: 'TT Norms Pro', 'Open Sans', Roboto, Arial, Helvetica, sans-serif, SimSun; font-size: 14px; font-weight: 400; letter-spacing: normal; line-height: inherit; text-align: left; white-space: normal; color: #222222; background-color: #ffffff; margin: 0px; padding: 0px; box-sizing: border-box;\" align=\"left\"><img data-recalc-dims=\"1\" fetchpriority=\"high\" decoding=\"async\" class=\"\" src=\"https:\/\/i0.wp.com\/ae01.alicdn.com\/kf\/S550f80d1e8874881abba845373c9a6e0Q.jpg?resize=429%2C715&#038;ssl=1\" width=\"429\" height=\"715\" \/><img data-recalc-dims=\"1\" decoding=\"async\" class=\"\" src=\"https:\/\/i0.wp.com\/ae01.alicdn.com\/kf\/S1e87124f641d40f284a8d89612b9bfaas.jpg?resize=430%2C717&#038;ssl=1\" width=\"430\" height=\"717\" \/><img data-recalc-dims=\"1\" decoding=\"async\" class=\"\" src=\"https:\/\/i0.wp.com\/ae01.alicdn.com\/kf\/Sa137e4e5207c40da9def05ac452352648.jpg?resize=430%2C717&#038;ssl=1\" width=\"430\" height=\"717\" \/><img data-recalc-dims=\"1\" loading=\"lazy\" decoding=\"async\" class=\"\" src=\"https:\/\/i0.wp.com\/ae01.alicdn.com\/kf\/S1068588d4a064540a2d6f74cfe813ee52.jpg?resize=422%2C703&#038;ssl=1\" width=\"422\" height=\"703\" \/><img data-recalc-dims=\"1\" loading=\"lazy\" decoding=\"async\" class=\"\" src=\"https:\/\/i0.wp.com\/ae01.alicdn.com\/kf\/Sb5880918ef44458e93cda850cf91c777I.jpg?resize=418%2C697&#038;ssl=1\" width=\"418\" height=\"697\" \/><img data-recalc-dims=\"1\" loading=\"lazy\" decoding=\"async\" class=\"\" src=\"https:\/\/i0.wp.com\/ae01.alicdn.com\/kf\/Sedaf111b03b043cf832565e4103cbf6fM.jpg?resize=420%2C700&#038;ssl=1\" width=\"420\" height=\"700\" \/><img data-recalc-dims=\"1\" loading=\"lazy\" decoding=\"async\" class=\"\" src=\"https:\/\/i0.wp.com\/ae01.alicdn.com\/kf\/S618f5d2cf7ac4912bb9a61287f533854S.jpg?resize=418%2C697&#038;ssl=1\" width=\"418\" height=\"697\" \/><img data-recalc-dims=\"1\" loading=\"lazy\" decoding=\"async\" class=\"\" src=\"https:\/\/i0.wp.com\/ae01.alicdn.com\/kf\/S8f14fa0cdf2d4b9eb2ea002cc63a7f9eD.jpg?resize=411%2C685&#038;ssl=1\" width=\"411\" height=\"685\" \/><img data-recalc-dims=\"1\" loading=\"lazy\" decoding=\"async\" class=\"\" src=\"https:\/\/i0.wp.com\/ae01.alicdn.com\/kf\/S48ad125129b84275a8a0c08a6d563120U.jpg?resize=412%2C687&#038;ssl=1\" width=\"412\" height=\"687\" \/><img data-recalc-dims=\"1\" loading=\"lazy\" decoding=\"async\" class=\"\" src=\"https:\/\/i0.wp.com\/ae01.alicdn.com\/kf\/S2a6fa454874b4c35935eb3e9663533c7k.jpg?resize=413%2C688&#038;ssl=1\" width=\"413\" height=\"688\" \/><img data-recalc-dims=\"1\" loading=\"lazy\" decoding=\"async\" class=\"\" src=\"https:\/\/i0.wp.com\/ae01.alicdn.com\/kf\/Scad14abb13464f7e991b60626fb53fd23.jpg?resize=410%2C513&#038;ssl=1\" width=\"410\" height=\"513\" \/><img data-recalc-dims=\"1\" loading=\"lazy\" decoding=\"async\" class=\"\" src=\"https:\/\/i0.wp.com\/ae01.alicdn.com\/kf\/Sc026cc500b3a4ca19c8bfee63c19cc078.jpg?resize=410%2C683&#038;ssl=1\" width=\"410\" height=\"683\" \/><img data-recalc-dims=\"1\" loading=\"lazy\" decoding=\"async\" class=\"\" src=\"https:\/\/i0.wp.com\/ae01.alicdn.com\/kf\/S75799d16161640b78ed2430fc20fe9ecS.jpg?resize=411%2C685&#038;ssl=1\" width=\"411\" height=\"685\" \/><img data-recalc-dims=\"1\" loading=\"lazy\" decoding=\"async\" class=\"\" src=\"https:\/\/i0.wp.com\/ae01.alicdn.com\/kf\/S3a7c90f6b9a344e1a2cefac9497096aeT.jpg?resize=417%2C695&#038;ssl=1\" width=\"417\" height=\"695\" \/><\/p>\n<\/div>\n<\/div>\n<\/div>\n<\/div>","protected":false},"excerpt":{"rendered":"<p class=\"translation-block\">Stay cool effortlessly with this futuristic neck fan : <br data-start=\"\u2018243\u2019\" data-end=\"\u2018246\u2019\">\ud83e\udde0 100 speeds self-regulated by artificial intelligence<br data-start=\"\u2018304\u2019\" data-end=\"\u201c307\u201d\">\u2744\ufe0f Instant cooling down to -15\u00b0C<br data-start=\"\u2018348\u2019\">\ud83d\udd0b 3000mAh battery - up to 30h autonomy<br data-start=\"\u2018396\u2019\" data-end=\"\u2018399\u2019\">\ud83d\udca8 Quiet turboprop (10 m\/s)<br data-start=\"\u201c437\u201d\" data-end=\"\u2018440\u2019\">\ud83d\udc8e Transparent design, lightweight and comfortable to wear<\/p>\n<ul>\n<li><strong>D\u00e9lai estim\u00e9 :<\/strong> Livraison sous 7 \u00e0 13 jours ouvrables<\/li>\n<li class=\"translation-block\">\ud83d\udd01 <a href=\"\/\/xn--arago-bsa.com\/en\/politique-en-matiere-de-remboursements-et-de-retours\/\u2019\/\" target=\"\u2018_blank\u2019\">Return possible within 14 days of receipt<\/a>.<\/li>\n<li>\ud83d\udd12 100% secure payment<\/li>\n<li>\ud83d\udcde Responsive customer service<\/li>\n<\/ul>","protected":false},"featured_media":638,"comment_status":"open","ping_status":"closed","template":"","meta":[],"product_brand":[],"product_cat":[44,49],"product_tag":[],"class_list":{"0":"post-637","1":"product","2":"type-product","3":"status-publish","4":"has-post-thumbnail","6":"product_cat-ventilateur-portable","7":"product_cat-ventilateurs-de-bureau","9":"first","10":"instock","11":"sale","12":"featured","13":"shipping-taxable","14":"purchasable","15":"product-type-variable"},"yoast_head":"<!-- This site is optimized with the Yoast SEO plugin v27.4 - https:\/\/yoast.com\/product\/yoast-seo-wordpress\/ -->\n<title>Ventilateur supraconducteur 3000mAh \u2013 100 vitesses - A\u00e9raGo<\/title>\n<meta name=\"description\" content=\"Ventilateur supraconducteur intelligent avec 100 vitesses, batterie 3000mAh et refroidissement rapide. Design parfait, autonomie 30h.\" \/>\n<meta name=\"robots\" content=\"index, follow, max-snippet:-1, max-image-preview:large, max-video-preview:-1\" \/>\n<link rel=\"canonical\" href=\"https:\/\/xn--arago-bsa.com\/en\/product\/ventilateur-supraconducteur-3000mah-ai\/\" \/>\n<meta property=\"og:locale\" content=\"en_GB\" \/>\n<meta property=\"og:type\" content=\"article\" \/>\n<meta property=\"og:title\" content=\"Ventilateur supraconducteur 3000mAh \u2013 100 vitesses - A\u00e9raGo\" \/>\n<meta property=\"og:description\" content=\"Ventilateur supraconducteur intelligent avec 100 vitesses, batterie 3000mAh et refroidissement rapide. Design parfait, autonomie 30h.\" \/>\n<meta property=\"og:url\" content=\"https:\/\/xn--arago-bsa.com\/en\/product\/ventilateur-supraconducteur-3000mah-ai\/\" \/>\n<meta property=\"og:site_name\" content=\"A\u00e9raGo\" \/>\n<meta property=\"article:modified_time\" content=\"2025-07-07T10:27:21+00:00\" \/>\n<meta property=\"og:image\" content=\"https:\/\/xn--arago-bsa.com\/wp-content\/uploads\/2025\/05\/kf-Sec62bcc9698241eaa99c4ff20bd5c5daA.webp\" \/>\n\t<meta property=\"og:image:width\" content=\"1000\" \/>\n\t<meta property=\"og:image:height\" content=\"1000\" \/>\n\t<meta property=\"og:image:type\" content=\"image\/webp\" \/>\n<meta name=\"twitter:card\" content=\"summary_large_image\" \/>\n<meta name=\"twitter:label1\" content=\"Estimated reading time\" \/>\n\t<meta name=\"twitter:data1\" content=\"5 minutes\" \/>\n<script type=\"application\/ld+json\" class=\"yoast-schema-graph\">{\"@context\":\"https:\\\/\\\/schema.org\",\"@graph\":[{\"@type\":\"WebPage\",\"@id\":\"https:\\\/\\\/xn--arago-bsa.com\\\/produit\\\/ventilateur-supraconducteur-3000mah-ai\\\/\",\"url\":\"https:\\\/\\\/xn--arago-bsa.com\\\/produit\\\/ventilateur-supraconducteur-3000mah-ai\\\/\",\"name\":\"Ventilateur supraconducteur 3000mAh \u2013 100 vitesses - A\u00e9raGo\",\"isPartOf\":{\"@id\":\"https:\\\/\\\/xn--arago-bsa.com\\\/#website\"},\"primaryImageOfPage\":{\"@id\":\"https:\\\/\\\/xn--arago-bsa.com\\\/produit\\\/ventilateur-supraconducteur-3000mah-ai\\\/#primaryimage\"},\"image\":{\"@id\":\"https:\\\/\\\/xn--arago-bsa.com\\\/produit\\\/ventilateur-supraconducteur-3000mah-ai\\\/#primaryimage\"},\"thumbnailUrl\":\"https:\\\/\\\/i0.wp.com\\\/xn--arago-bsa.com\\\/wp-content\\\/uploads\\\/2025\\\/05\\\/kf-Sec62bcc9698241eaa99c4ff20bd5c5daA.webp?fit=1000%2C1000&ssl=1\",\"datePublished\":\"2025-05-13T19:01:36+00:00\",\"dateModified\":\"2025-07-07T10:27:21+00:00\",\"description\":\"Ventilateur supraconducteur intelligent avec 100 vitesses, batterie 3000mAh et refroidissement rapide. Design parfait, autonomie 30h.\",\"breadcrumb\":{\"@id\":\"https:\\\/\\\/xn--arago-bsa.com\\\/produit\\\/ventilateur-supraconducteur-3000mah-ai\\\/#breadcrumb\"},\"inLanguage\":\"en-GB\",\"potentialAction\":[{\"@type\":\"ReadAction\",\"target\":[\"https:\\\/\\\/xn--arago-bsa.com\\\/produit\\\/ventilateur-supraconducteur-3000mah-ai\\\/\"]}]},{\"@type\":\"ImageObject\",\"inLanguage\":\"en-GB\",\"@id\":\"https:\\\/\\\/xn--arago-bsa.com\\\/produit\\\/ventilateur-supraconducteur-3000mah-ai\\\/#primaryimage\",\"url\":\"https:\\\/\\\/i0.wp.com\\\/xn--arago-bsa.com\\\/wp-content\\\/uploads\\\/2025\\\/05\\\/kf-Sec62bcc9698241eaa99c4ff20bd5c5daA.webp?fit=1000%2C1000&ssl=1\",\"contentUrl\":\"https:\\\/\\\/i0.wp.com\\\/xn--arago-bsa.com\\\/wp-content\\\/uploads\\\/2025\\\/05\\\/kf-Sec62bcc9698241eaa99c4ff20bd5c5daA.webp?fit=1000%2C1000&ssl=1\",\"width\":1000,\"height\":1000},{\"@type\":\"BreadcrumbList\",\"@id\":\"https:\\\/\\\/xn--arago-bsa.com\\\/produit\\\/ventilateur-supraconducteur-3000mah-ai\\\/#breadcrumb\",\"itemListElement\":[{\"@type\":\"ListItem\",\"position\":1,\"name\":\"Home\",\"item\":\"https:\\\/\\\/xn--arago-bsa.com\\\/\"},{\"@type\":\"ListItem\",\"position\":2,\"name\":\"Tous les produits\",\"item\":\"https:\\\/\\\/xn--arago-bsa.com\\\/tous-les-produits\\\/\"},{\"@type\":\"ListItem\",\"position\":3,\"name\":\"Ventilateur supraconducteur 3000mAh \u2013 100 vitesses\"}]},{\"@type\":\"WebSite\",\"@id\":\"https:\\\/\\\/xn--arago-bsa.com\\\/#website\",\"url\":\"https:\\\/\\\/xn--arago-bsa.com\\\/\",\"name\":\"a\u00e9rago.com\",\"description\":\"A\u00e9raGo est sp\u00e9cialis\u00e9e dans les ventilateurs au design \u00e9pur\u00e9. Pratiques et \u00e9l\u00e9gants, ils vous apportent de la fra\u00eecheur o\u00f9 que vous soyez.\",\"publisher\":{\"@id\":\"https:\\\/\\\/xn--arago-bsa.com\\\/#\\\/schema\\\/person\\\/aafa2158d94aea343a4af5ce729400bd\"},\"potentialAction\":[{\"@type\":\"SearchAction\",\"target\":{\"@type\":\"EntryPoint\",\"urlTemplate\":\"https:\\\/\\\/xn--arago-bsa.com\\\/?s={search_term_string}\"},\"query-input\":{\"@type\":\"PropertyValueSpecification\",\"valueRequired\":true,\"valueName\":\"search_term_string\"}}],\"inLanguage\":\"en-GB\"},{\"@type\":[\"Person\",\"Organization\"],\"@id\":\"https:\\\/\\\/xn--arago-bsa.com\\\/#\\\/schema\\\/person\\\/aafa2158d94aea343a4af5ce729400bd\",\"name\":\"work.working47nhftkgqa@gmail.com\",\"image\":{\"@type\":\"ImageObject\",\"inLanguage\":\"en-GB\",\"@id\":\"https:\\\/\\\/i0.wp.com\\\/xn--arago-bsa.com\\\/wp-content\\\/uploads\\\/2025\\\/05\\\/cropped-cropped-cropped-cropped-cropped-1AGo.png?fit=1098%2C321&ssl=1\",\"url\":\"https:\\\/\\\/i0.wp.com\\\/xn--arago-bsa.com\\\/wp-content\\\/uploads\\\/2025\\\/05\\\/cropped-cropped-cropped-cropped-cropped-1AGo.png?fit=1098%2C321&ssl=1\",\"contentUrl\":\"https:\\\/\\\/i0.wp.com\\\/xn--arago-bsa.com\\\/wp-content\\\/uploads\\\/2025\\\/05\\\/cropped-cropped-cropped-cropped-cropped-1AGo.png?fit=1098%2C321&ssl=1\",\"width\":1098,\"height\":321,\"caption\":\"work.working47nhftkgqa@gmail.com\"},\"logo\":{\"@id\":\"https:\\\/\\\/i0.wp.com\\\/xn--arago-bsa.com\\\/wp-content\\\/uploads\\\/2025\\\/05\\\/cropped-cropped-cropped-cropped-cropped-1AGo.png?fit=1098%2C321&ssl=1\"},\"sameAs\":[\"http:\\\/\\\/xn--arago-bsa.com\"]}]}<\/script>\n<!-- \/ Yoast SEO plugin. -->","yoast_head_json":{"title":"Ventilateur supraconducteur 3000mAh \u2013 100 vitesses - A\u00e9raGo","description":"Ventilateur supraconducteur intelligent avec 100 vitesses, batterie 3000mAh et refroidissement rapide. Design parfait, autonomie 30h.","robots":{"index":"index","follow":"follow","max-snippet":"max-snippet:-1","max-image-preview":"max-image-preview:large","max-video-preview":"max-video-preview:-1"},"canonical":"https:\/\/xn--arago-bsa.com\/en\/product\/ventilateur-supraconducteur-3000mah-ai\/","og_locale":"en_GB","og_type":"article","og_title":"Ventilateur supraconducteur 3000mAh \u2013 100 vitesses - A\u00e9raGo","og_description":"Ventilateur supraconducteur intelligent avec 100 vitesses, batterie 3000mAh et refroidissement rapide. Design parfait, autonomie 30h.","og_url":"https:\/\/xn--arago-bsa.com\/en\/product\/ventilateur-supraconducteur-3000mah-ai\/","og_site_name":"A\u00e9raGo","article_modified_time":"2025-07-07T10:27:21+00:00","og_image":[{"width":1000,"height":1000,"url":"https:\/\/xn--arago-bsa.com\/wp-content\/uploads\/2025\/05\/kf-Sec62bcc9698241eaa99c4ff20bd5c5daA.webp","type":"image\/webp"}],"twitter_card":"summary_large_image","twitter_misc":{"Estimated reading time":"5 minutes"},"schema":{"@context":"https:\/\/schema.org","@graph":[{"@type":"WebPage","@id":"https:\/\/xn--arago-bsa.com\/produit\/ventilateur-supraconducteur-3000mah-ai\/","url":"https:\/\/xn--arago-bsa.com\/produit\/ventilateur-supraconducteur-3000mah-ai\/","name":"Ventilateur supraconducteur 3000mAh \u2013 100 vitesses - A\u00e9raGo","isPartOf":{"@id":"https:\/\/xn--arago-bsa.com\/#website"},"primaryImageOfPage":{"@id":"https:\/\/xn--arago-bsa.com\/produit\/ventilateur-supraconducteur-3000mah-ai\/#primaryimage"},"image":{"@id":"https:\/\/xn--arago-bsa.com\/produit\/ventilateur-supraconducteur-3000mah-ai\/#primaryimage"},"thumbnailUrl":"https:\/\/i0.wp.com\/xn--arago-bsa.com\/wp-content\/uploads\/2025\/05\/kf-Sec62bcc9698241eaa99c4ff20bd5c5daA.webp?fit=1000%2C1000&ssl=1","datePublished":"2025-05-13T19:01:36+00:00","dateModified":"2025-07-07T10:27:21+00:00","description":"Ventilateur supraconducteur intelligent avec 100 vitesses, batterie 3000mAh et refroidissement rapide. Design parfait, autonomie 30h.","breadcrumb":{"@id":"https:\/\/xn--arago-bsa.com\/produit\/ventilateur-supraconducteur-3000mah-ai\/#breadcrumb"},"inLanguage":"en-GB","potentialAction":[{"@type":"ReadAction","target":["https:\/\/xn--arago-bsa.com\/produit\/ventilateur-supraconducteur-3000mah-ai\/"]}]},{"@type":"ImageObject","inLanguage":"en-GB","@id":"https:\/\/xn--arago-bsa.com\/produit\/ventilateur-supraconducteur-3000mah-ai\/#primaryimage","url":"https:\/\/i0.wp.com\/xn--arago-bsa.com\/wp-content\/uploads\/2025\/05\/kf-Sec62bcc9698241eaa99c4ff20bd5c5daA.webp?fit=1000%2C1000&ssl=1","contentUrl":"https:\/\/i0.wp.com\/xn--arago-bsa.com\/wp-content\/uploads\/2025\/05\/kf-Sec62bcc9698241eaa99c4ff20bd5c5daA.webp?fit=1000%2C1000&ssl=1","width":1000,"height":1000},{"@type":"BreadcrumbList","@id":"https:\/\/xn--arago-bsa.com\/produit\/ventilateur-supraconducteur-3000mah-ai\/#breadcrumb","itemListElement":[{"@type":"ListItem","position":1,"name":"Home","item":"https:\/\/xn--arago-bsa.com\/"},{"@type":"ListItem","position":2,"name":"Tous les produits","item":"https:\/\/xn--arago-bsa.com\/tous-les-produits\/"},{"@type":"ListItem","position":3,"name":"Ventilateur supraconducteur 3000mAh \u2013 100 vitesses"}]},{"@type":"WebSite","@id":"https:\/\/xn--arago-bsa.com\/#website","url":"https:\/\/xn--arago-bsa.com\/","name":"a\u00e9rago.com","description":"A\u00e9raGo specialises in fans with a sleek design. Practical and elegant, they keep you cool wherever you are.","publisher":{"@id":"https:\/\/xn--arago-bsa.com\/#\/schema\/person\/aafa2158d94aea343a4af5ce729400bd"},"potentialAction":[{"@type":"SearchAction","target":{"@type":"EntryPoint","urlTemplate":"https:\/\/xn--arago-bsa.com\/?s={search_term_string}"},"query-input":{"@type":"PropertyValueSpecification","valueRequired":true,"valueName":"search_term_string"}}],"inLanguage":"en-GB"},{"@type":["Person","Organization"],"@id":"https:\/\/xn--arago-bsa.com\/#\/schema\/person\/aafa2158d94aea343a4af5ce729400bd","name":"work.working47nhftkgqa@gmail.com","image":{"@type":"ImageObject","inLanguage":"en-GB","@id":"https:\/\/i0.wp.com\/xn--arago-bsa.com\/wp-content\/uploads\/2025\/05\/cropped-cropped-cropped-cropped-cropped-1AGo.png?fit=1098%2C321&ssl=1","url":"https:\/\/i0.wp.com\/xn--arago-bsa.com\/wp-content\/uploads\/2025\/05\/cropped-cropped-cropped-cropped-cropped-1AGo.png?fit=1098%2C321&ssl=1","contentUrl":"https:\/\/i0.wp.com\/xn--arago-bsa.com\/wp-content\/uploads\/2025\/05\/cropped-cropped-cropped-cropped-cropped-1AGo.png?fit=1098%2C321&ssl=1","width":1098,"height":321,"caption":"work.working47nhftkgqa@gmail.com"},"logo":{"@id":"https:\/\/i0.wp.com\/xn--arago-bsa.com\/wp-content\/uploads\/2025\/05\/cropped-cropped-cropped-cropped-cropped-1AGo.png?fit=1098%2C321&ssl=1"},"sameAs":["http:\/\/xn--arago-bsa.com"]}]}},"jetpack_sharing_enabled":true,"_links":{"self":[{"href":"https:\/\/xn--arago-bsa.com\/en\/wp-json\/wp\/v2\/product\/637","targetHints":{"allow":["GET"]}}],"collection":[{"href":"https:\/\/xn--arago-bsa.com\/en\/wp-json\/wp\/v2\/product"}],"about":[{"href":"https:\/\/xn--arago-bsa.com\/en\/wp-json\/wp\/v2\/types\/product"}],"replies":[{"embeddable":true,"href":"https:\/\/xn--arago-bsa.com\/en\/wp-json\/wp\/v2\/comments?post=637"}],"version-history":[{"count":1,"href":"https:\/\/xn--arago-bsa.com\/en\/wp-json\/wp\/v2\/product\/637\/revisions"}],"predecessor-version":[{"id":1372,"href":"https:\/\/xn--arago-bsa.com\/en\/wp-json\/wp\/v2\/product\/637\/revisions\/1372"}],"wp:featuredmedia":[{"embeddable":true,"href":"https:\/\/xn--arago-bsa.com\/en\/wp-json\/wp\/v2\/media\/638"}],"wp:attachment":[{"href":"https:\/\/xn--arago-bsa.com\/en\/wp-json\/wp\/v2\/media?parent=637"}],"wp:term":[{"taxonomy":"product_brand","embeddable":true,"href":"https:\/\/xn--arago-bsa.com\/en\/wp-json\/wp\/v2\/product_brand?post=637"},{"taxonomy":"product_cat","embeddable":true,"href":"https:\/\/xn--arago-bsa.com\/en\/wp-json\/wp\/v2\/product_cat?post=637"},{"taxonomy":"product_tag","embeddable":true,"href":"https:\/\/xn--arago-bsa.com\/en\/wp-json\/wp\/v2\/product_tag?post=637"}],"curies":[{"name":"wp","href":"https:\/\/api.w.org\/{rel}","templated":true}]}}