{"id":524,"date":"2025-05-13T11:24:46","date_gmt":"2025-05-13T11:24:46","guid":{"rendered":"https:\/\/xn--arago-bsa.com\/?page_id=524"},"modified":"2025-05-26T19:14:52","modified_gmt":"2025-05-26T19:14:52","slug":"mentions-legales","status":"publish","type":"page","link":"https:\/\/xn--arago-bsa.com\/en\/mentions-legales\/","title":{"rendered":"\u00a0Mentions l\u00e9gales"},"content":{"rendered":"<div data-elementor-type=\"wp-page\" data-elementor-id=\"524\" class=\"elementor elementor-524\">\n\t\t\t\t<div class=\"elementor-element elementor-element-8ae31ba e-flex e-con-boxed e-con e-parent\" data-id=\"8ae31ba\" data-element_type=\"container\" data-e-type=\"container\">\n\t\t\t\t\t<div class=\"e-con-inner\">\n\t\t\t\t<div class=\"elementor-element elementor-element-6abbf74 elementor-widget elementor-widget-spacer\" data-id=\"6abbf74\" data-element_type=\"widget\" data-e-type=\"widget\" data-widget_type=\"spacer.default\">\n\t\t\t\t<div class=\"elementor-widget-container\">\n\t\t\t\t\t\t\t<div class=\"elementor-spacer\">\n\t\t\t<div class=\"elementor-spacer-inner\"><\/div>\n\t\t<\/div>\n\t\t\t\t\t\t<\/div>\n\t\t\t\t<\/div>\n\t\t\t\t<div class=\"elementor-element elementor-element-1c2a756 elementor-widget elementor-widget-wp-widget-text\" data-id=\"1c2a756\" data-element_type=\"widget\" data-e-type=\"widget\" data-widget_type=\"wp-widget-text.default\">\n\t\t\t\t<div class=\"elementor-widget-container\">\n\t\t\t\t\t\t\t\t<div class=\"textwidget\"><p>&nbsp;<\/p>\n<h2>\ud83d\udcc4 Legal notice<\/h2>\n<p class=\"translation-block\">In accordance with the provisions of Articles 6-III and 19 of Law No. 2004-575 of June 21, 2004 on Confidence in the Digital Economy (LCEN), we inform users of the site <strong><a href=\"https:\/\/a\u00e9rago.fr\/\" target=\"_self\">https:\/\/a\u00e9rago.com<\/a><\/strong> of the following:<\/p>\n<h3>1. Site editor<\/h3>\n<p><strong>Nom de l&rsquo;entreprise :<\/strong> A\u00e9raGo<br \/>\n<strong>Statut juridique :<\/strong> Auto-entrepreneur<br \/>\n<strong>Si\u00e8ge social :<\/strong> 122 rue Amelot 75011 Paris<br \/>\n<strong>SIRET :<\/strong><br \/>\n<strong>Responsable de la publication :<\/strong> A\u00e9raGo<br \/>\n<strong>Email :<\/strong> <a href=\"mailto:service.client@aerago.com\">service.client@aerago.com<\/a><\/p>\n<h3>2. Site host<\/h3>\n<p class=\"translation-block\"><strong>Hostname:<\/strong> Hostinger<br>\n<strong>Adresse:<\/strong> <span class=\"relative -mx-px my-[-0.2rem] rounded px-px py-[0. 2rem] transition-colors duration-100 ease-in-out\"><span class=\"_fadeIn_m1hgl_8\">61 <\/span><span class=\"_fadeIn_m1hgl_8\">Lordou <\/span><span class=\"_fadeIn_m1hgl_8\">Vironos <\/span><span class=\"_fadeIn_m1hgl_8\">Stra\u00dfe, <\/span><span class=\"_fadeIn_m1hgl_8\">6023 <\/span><span class=\"_fadeIn_m1hgl_8\">Larnaca, <\/span><span class=\"_fadeIn_m1hgl_8\">Zypern<\/span><\/span><br>\n<strong data-start=\"251\" data-end=\"280\"><span class=\"_fadeIn_m1hgl_8\">Adresse <\/span><span class=\"_fadeIn_m1hgl_8\">e- <\/span><span class=\"_fadeIn_m1hgl_8\">Mail <\/span><span class=\"_fadeIn_m1hgl_8\">von <\/span><span class=\"_fadeIn_m1hgl_8\">Kontakt<\/span><\/strong><span class=\"_fadeIn_m1hgl_8\"> : <\/span><span class=\"relative -mx-px my-[-0. 2rem] rounded px-px py-[0.2rem] transition-colors duration-100 ease-in-out\"><a href=\"mailto:support@hostinger.com\" data-start=\"0\" data-end=\"21\" data-is-last-node=\"\" data-is-only-node=\"\" target=\"_self\"><span class=\"_fadeIn_m1hgl_8\">support@<\/span><span class=\"_fadeIn_m1hgl_8\">hostinger. <\/span><span class=\"_fadeIn_m1hgl_8\">com<\/span><\/a><\/span><br>\n<strong>Website:  <\/strong><span class=\"yIn8Od\"><span class=\"wbJOMb\"><span class=\"OSrXXb VN4UC chcHdb\"><span class=\"x2VHCd OSrXXb ob9lvb\" role=\"text\" data-dtld=\"hostinger.com\">https:\/\/www.hostinger.com<\/span><\/span><\/span><\/span>\nAdresse: Lordou Vironos Stra\u00dfe 61, 6023 Larna<\/p>\n<h3>3. Intellectual property<\/h3>\n<p class=\"translation-block\">All content on the site <strong><a href=\"https:\/\/a\u00e9rago.com\/\" target=\"_self\">https:\/\/a\u00e9rago.com<\/a> <\/strong>(texts, images, illustrations, logo, design, etc.) is protected by copyright and current intellectual property legislation.<\/p>\n<p>Any reproduction, representation, modification or publication, even partial, without prior written authorization is strictly prohibited.<\/p>\n<h3>4. Personal data<\/h3>\n<p>Data collected through contact forms or other services is used solely for the purposes of maintaining a business relationship with A\u00e9raGo. It is never sold to third parties.<\/p>\n<p class=\"translation-block\">In accordance with the amended French Data Protection Act of 6 January 1978 and the GDPR, you have the right to access, rectify, oppose, and delete your data. To exercise this right, send your request to: <strong><a href=\"mailto:service.client@a\u00e9rago.com\" target=\"_self\">service.client@a\u00e9rago.com<\/a><\/strong><\/p>\n<h3>5. Cookies<\/h3>\n<p class=\"translation-block\">The website <strong><a href=\"https:\/\/a\u00e9rago.com\/\" target=\"_self\">https:\/\/a\u00e9rago.com<\/a><\/strong> may use cookies to improve the user experience, measure audiences, and offer tailored content. You can accept or refuse the use of these cookies through your browser settings.<\/p>\n<\/div>\n\t\t\t\t\t\t<\/div>\n\t\t\t\t<\/div>\n\t\t\t\t<div class=\"elementor-element elementor-element-c281cbb elementor-widget elementor-widget-spacer\" data-id=\"c281cbb\" data-element_type=\"widget\" data-e-type=\"widget\" data-widget_type=\"spacer.default\">\n\t\t\t\t<div class=\"elementor-widget-container\">\n\t\t\t\t\t\t\t<div class=\"elementor-spacer\">\n\t\t\t<div class=\"elementor-spacer-inner\"><\/div>\n\t\t<\/div>\n\t\t\t\t\t\t<\/div>\n\t\t\t\t<\/div>\n\t\t\t\t\t<\/div>\n\t\t\t\t<\/div>\n\t\t\t\t<\/div>","protected":false},"excerpt":{"rendered":"","protected":false},"author":1,"featured_media":0,"parent":0,"menu_order":0,"comment_status":"closed","ping_status":"closed","template":"","meta":{"footnotes":""},"class_list":["post-524","page","type-page","status-publish","hentry"],"yoast_head":"<!-- This site is optimized with the Yoast SEO plugin v27.4 - https:\/\/yoast.com\/product\/yoast-seo-wordpress\/ -->\n<title>\u00a0Mentions l\u00e9gales - A\u00e9raGo<\/title>\n<meta name=\"robots\" content=\"index, follow, max-snippet:-1, max-image-preview:large, max-video-preview:-1\" \/>\n<link rel=\"canonical\" href=\"https:\/\/xn--arago-bsa.com\/en\/mentions-legales\/\" \/>\n<meta property=\"og:locale\" content=\"en_GB\" \/>\n<meta property=\"og:type\" content=\"article\" \/>\n<meta property=\"og:title\" content=\"\u00a0Mentions l\u00e9gales - A\u00e9raGo\" \/>\n<meta property=\"og:url\" content=\"https:\/\/xn--arago-bsa.com\/en\/mentions-legales\/\" \/>\n<meta property=\"og:site_name\" content=\"A\u00e9raGo\" \/>\n<meta property=\"article:modified_time\" content=\"2025-05-26T19:14:52+00:00\" \/>\n<meta name=\"twitter:card\" content=\"summary_large_image\" \/>\n<meta name=\"twitter:label1\" content=\"Estimated reading time\" \/>\n\t<meta name=\"twitter:data1\" content=\"2 minutes\" \/>\n<script type=\"application\/ld+json\" class=\"yoast-schema-graph\">{\"@context\":\"https:\\\/\\\/schema.org\",\"@graph\":[{\"@type\":\"WebPage\",\"@id\":\"https:\\\/\\\/xn--arago-bsa.com\\\/mentions-legales\\\/\",\"url\":\"https:\\\/\\\/xn--arago-bsa.com\\\/mentions-legales\\\/\",\"name\":\"\u00a0Mentions l\u00e9gales - A\u00e9raGo\",\"isPartOf\":{\"@id\":\"https:\\\/\\\/xn--arago-bsa.com\\\/#website\"},\"datePublished\":\"2025-05-13T11:24:46+00:00\",\"dateModified\":\"2025-05-26T19:14:52+00:00\",\"breadcrumb\":{\"@id\":\"https:\\\/\\\/xn--arago-bsa.com\\\/mentions-legales\\\/#breadcrumb\"},\"inLanguage\":\"en-GB\",\"potentialAction\":[{\"@type\":\"ReadAction\",\"target\":[\"https:\\\/\\\/xn--arago-bsa.com\\\/mentions-legales\\\/\"]}]},{\"@type\":\"BreadcrumbList\",\"@id\":\"https:\\\/\\\/xn--arago-bsa.com\\\/mentions-legales\\\/#breadcrumb\",\"itemListElement\":[{\"@type\":\"ListItem\",\"position\":1,\"name\":\"Home\",\"item\":\"https:\\\/\\\/xn--arago-bsa.com\\\/\"},{\"@type\":\"ListItem\",\"position\":2,\"name\":\"\u00a0Mentions l\u00e9gales\"}]},{\"@type\":\"WebSite\",\"@id\":\"https:\\\/\\\/xn--arago-bsa.com\\\/#website\",\"url\":\"https:\\\/\\\/xn--arago-bsa.com\\\/\",\"name\":\"a\u00e9rago.com\",\"description\":\"A\u00e9raGo est sp\u00e9cialis\u00e9e dans les ventilateurs au design \u00e9pur\u00e9. Pratiques et \u00e9l\u00e9gants, ils vous apportent de la fra\u00eecheur o\u00f9 que vous soyez.\",\"publisher\":{\"@id\":\"https:\\\/\\\/xn--arago-bsa.com\\\/#\\\/schema\\\/person\\\/aafa2158d94aea343a4af5ce729400bd\"},\"potentialAction\":[{\"@type\":\"SearchAction\",\"target\":{\"@type\":\"EntryPoint\",\"urlTemplate\":\"https:\\\/\\\/xn--arago-bsa.com\\\/?s={search_term_string}\"},\"query-input\":{\"@type\":\"PropertyValueSpecification\",\"valueRequired\":true,\"valueName\":\"search_term_string\"}}],\"inLanguage\":\"en-GB\"},{\"@type\":[\"Person\",\"Organization\"],\"@id\":\"https:\\\/\\\/xn--arago-bsa.com\\\/#\\\/schema\\\/person\\\/aafa2158d94aea343a4af5ce729400bd\",\"name\":\"work.working47nhftkgqa@gmail.com\",\"image\":{\"@type\":\"ImageObject\",\"inLanguage\":\"en-GB\",\"@id\":\"https:\\\/\\\/i0.wp.com\\\/xn--arago-bsa.com\\\/wp-content\\\/uploads\\\/2025\\\/05\\\/cropped-cropped-cropped-cropped-cropped-1AGo.png?fit=1098%2C321&ssl=1\",\"url\":\"https:\\\/\\\/i0.wp.com\\\/xn--arago-bsa.com\\\/wp-content\\\/uploads\\\/2025\\\/05\\\/cropped-cropped-cropped-cropped-cropped-1AGo.png?fit=1098%2C321&ssl=1\",\"contentUrl\":\"https:\\\/\\\/i0.wp.com\\\/xn--arago-bsa.com\\\/wp-content\\\/uploads\\\/2025\\\/05\\\/cropped-cropped-cropped-cropped-cropped-1AGo.png?fit=1098%2C321&ssl=1\",\"width\":1098,\"height\":321,\"caption\":\"work.working47nhftkgqa@gmail.com\"},\"logo\":{\"@id\":\"https:\\\/\\\/i0.wp.com\\\/xn--arago-bsa.com\\\/wp-content\\\/uploads\\\/2025\\\/05\\\/cropped-cropped-cropped-cropped-cropped-1AGo.png?fit=1098%2C321&ssl=1\"},\"sameAs\":[\"http:\\\/\\\/xn--arago-bsa.com\"]}]}<\/script>\n<!-- \/ Yoast SEO plugin. -->","yoast_head_json":{"title":"\u00a0Mentions l\u00e9gales - A\u00e9raGo","robots":{"index":"index","follow":"follow","max-snippet":"max-snippet:-1","max-image-preview":"max-image-preview:large","max-video-preview":"max-video-preview:-1"},"canonical":"https:\/\/xn--arago-bsa.com\/en\/mentions-legales\/","og_locale":"en_GB","og_type":"article","og_title":"\u00a0Mentions l\u00e9gales - A\u00e9raGo","og_url":"https:\/\/xn--arago-bsa.com\/en\/mentions-legales\/","og_site_name":"A\u00e9raGo","article_modified_time":"2025-05-26T19:14:52+00:00","twitter_card":"summary_large_image","twitter_misc":{"Estimated reading time":"2 minutes"},"schema":{"@context":"https:\/\/schema.org","@graph":[{"@type":"WebPage","@id":"https:\/\/xn--arago-bsa.com\/mentions-legales\/","url":"https:\/\/xn--arago-bsa.com\/mentions-legales\/","name":"\u00a0Mentions l\u00e9gales - A\u00e9raGo","isPartOf":{"@id":"https:\/\/xn--arago-bsa.com\/#website"},"datePublished":"2025-05-13T11:24:46+00:00","dateModified":"2025-05-26T19:14:52+00:00","breadcrumb":{"@id":"https:\/\/xn--arago-bsa.com\/mentions-legales\/#breadcrumb"},"inLanguage":"en-GB","potentialAction":[{"@type":"ReadAction","target":["https:\/\/xn--arago-bsa.com\/mentions-legales\/"]}]},{"@type":"BreadcrumbList","@id":"https:\/\/xn--arago-bsa.com\/mentions-legales\/#breadcrumb","itemListElement":[{"@type":"ListItem","position":1,"name":"Home","item":"https:\/\/xn--arago-bsa.com\/"},{"@type":"ListItem","position":2,"name":"\u00a0Mentions l\u00e9gales"}]},{"@type":"WebSite","@id":"https:\/\/xn--arago-bsa.com\/#website","url":"https:\/\/xn--arago-bsa.com\/","name":"a\u00e9rago.com","description":"A\u00e9raGo specialises in fans with a sleek design. Practical and elegant, they keep you cool wherever you are.","publisher":{"@id":"https:\/\/xn--arago-bsa.com\/#\/schema\/person\/aafa2158d94aea343a4af5ce729400bd"},"potentialAction":[{"@type":"SearchAction","target":{"@type":"EntryPoint","urlTemplate":"https:\/\/xn--arago-bsa.com\/?s={search_term_string}"},"query-input":{"@type":"PropertyValueSpecification","valueRequired":true,"valueName":"search_term_string"}}],"inLanguage":"en-GB"},{"@type":["Person","Organization"],"@id":"https:\/\/xn--arago-bsa.com\/#\/schema\/person\/aafa2158d94aea343a4af5ce729400bd","name":"work.working47nhftkgqa@gmail.com","image":{"@type":"ImageObject","inLanguage":"en-GB","@id":"https:\/\/i0.wp.com\/xn--arago-bsa.com\/wp-content\/uploads\/2025\/05\/cropped-cropped-cropped-cropped-cropped-1AGo.png?fit=1098%2C321&ssl=1","url":"https:\/\/i0.wp.com\/xn--arago-bsa.com\/wp-content\/uploads\/2025\/05\/cropped-cropped-cropped-cropped-cropped-1AGo.png?fit=1098%2C321&ssl=1","contentUrl":"https:\/\/i0.wp.com\/xn--arago-bsa.com\/wp-content\/uploads\/2025\/05\/cropped-cropped-cropped-cropped-cropped-1AGo.png?fit=1098%2C321&ssl=1","width":1098,"height":321,"caption":"work.working47nhftkgqa@gmail.com"},"logo":{"@id":"https:\/\/i0.wp.com\/xn--arago-bsa.com\/wp-content\/uploads\/2025\/05\/cropped-cropped-cropped-cropped-cropped-1AGo.png?fit=1098%2C321&ssl=1"},"sameAs":["http:\/\/xn--arago-bsa.com"]}]}},"jetpack_sharing_enabled":true,"_links":{"self":[{"href":"https:\/\/xn--arago-bsa.com\/en\/wp-json\/wp\/v2\/pages\/524","targetHints":{"allow":["GET"]}}],"collection":[{"href":"https:\/\/xn--arago-bsa.com\/en\/wp-json\/wp\/v2\/pages"}],"about":[{"href":"https:\/\/xn--arago-bsa.com\/en\/wp-json\/wp\/v2\/types\/page"}],"author":[{"embeddable":true,"href":"https:\/\/xn--arago-bsa.com\/en\/wp-json\/wp\/v2\/users\/1"}],"replies":[{"embeddable":true,"href":"https:\/\/xn--arago-bsa.com\/en\/wp-json\/wp\/v2\/comments?post=524"}],"version-history":[{"count":0,"href":"https:\/\/xn--arago-bsa.com\/en\/wp-json\/wp\/v2\/pages\/524\/revisions"}],"wp:attachment":[{"href":"https:\/\/xn--arago-bsa.com\/en\/wp-json\/wp\/v2\/media?parent=524"}],"curies":[{"name":"wp","href":"https:\/\/api.w.org\/{rel}","templated":true}]}}