{"id":458,"date":"2025-05-12T15:09:47","date_gmt":"2025-05-12T15:09:47","guid":{"rendered":"https:\/\/xn--arago-bsa.com\/?page_id=458"},"modified":"2025-05-17T21:37:23","modified_gmt":"2025-05-17T21:37:23","slug":"support","status":"publish","type":"page","link":"https:\/\/xn--arago-bsa.com\/en\/support\/","title":{"rendered":"Support"},"content":{"rendered":"<div data-elementor-type=\"wp-page\" data-elementor-id=\"458\" class=\"elementor elementor-458\">\n\t\t\t\t<div class=\"elementor-element elementor-element-ce5f17c e-flex e-con-boxed e-con e-parent\" data-id=\"ce5f17c\" data-element_type=\"container\" data-e-type=\"container\">\n\t\t\t\t\t<div class=\"e-con-inner\">\n\t\t\t\t<div class=\"elementor-element elementor-element-baebdf9 elementor-widget elementor-widget-spacer\" data-id=\"baebdf9\" data-element_type=\"widget\" data-e-type=\"widget\" data-widget_type=\"spacer.default\">\n\t\t\t\t<div class=\"elementor-widget-container\">\n\t\t\t\t\t\t\t<div class=\"elementor-spacer\">\n\t\t\t<div class=\"elementor-spacer-inner\"><\/div>\n\t\t<\/div>\n\t\t\t\t\t\t<\/div>\n\t\t\t\t<\/div>\n\t\t\t\t\t<\/div>\n\t\t\t\t<\/div>\n\t\t<div class=\"elementor-element elementor-element-79d5469 e-flex e-con-boxed e-con e-parent\" data-id=\"79d5469\" data-element_type=\"container\" data-e-type=\"container\" data-settings=\"{&quot;background_background&quot;:&quot;classic&quot;}\">\n\t\t\t\t\t<div class=\"e-con-inner\">\n\t\t<div class=\"elementor-element elementor-element-952debc e-con-full e-flex e-con e-child\" data-id=\"952debc\" data-element_type=\"container\" data-e-type=\"container\" data-settings=\"{&quot;background_background&quot;:&quot;classic&quot;,&quot;animation&quot;:&quot;none&quot;}\">\n\t\t\t\t<div class=\"elementor-element elementor-element-f3d3f36 elementor-view-default elementor-widget elementor-widget-icon\" data-id=\"f3d3f36\" data-element_type=\"widget\" data-e-type=\"widget\" data-widget_type=\"icon.default\">\n\t\t\t\t<div class=\"elementor-widget-container\">\n\t\t\t\t\t\t\t<div class=\"elementor-icon-wrapper\">\n\t\t\t<div class=\"elementor-icon\">\n\t\t\t<svg aria-hidden=\"true\" class=\"e-font-icon-svg e-fas-truck\" viewbox=\"0 0 640 512\" xmlns=\"http:\/\/www.w3.org\/2000\/svg\"><path d=\"M624 352h-16V243.9c0-12.7-5.1-24.9-14.1-33.9L494 110.1c-9-9-21.2-14.1-33.9-14.1H416V48c0-26.5-21.5-48-48-48H48C21.5 0 0 21.5 0 48v320c0 26.5 21.5 48 48 48h16c0 53 43 96 96 96s96-43 96-96h128c0 53 43 96 96 96s96-43 96-96h48c8.8 0 16-7.2 16-16v-32c0-8.8-7.2-16-16-16zM160 464c-26.5 0-48-21.5-48-48s21.5-48 48-48 48 21.5 48 48-21.5 48-48 48zm320 0c-26.5 0-48-21.5-48-48s21.5-48 48-48 48 21.5 48 48-21.5 48-48 48zm80-208H416V144h44.1l99.9 99.9V256z\"><\/path><\/svg>\t\t\t<\/div>\n\t\t<\/div>\n\t\t\t\t\t\t<\/div>\n\t\t\t\t<\/div>\n\t\t\t\t<div class=\"elementor-element elementor-element-de64ac4 elementor-widget elementor-widget-text-editor\" data-id=\"de64ac4\" data-element_type=\"widget\" data-e-type=\"widget\" data-widget_type=\"text-editor.default\">\n\t\t\t\t<div class=\"elementor-widget-container\">\n\t\t\t\t\t\t\t\t\t<p>Delivery status<\/p>\t\t\t\t\t\t\t\t<\/div>\n\t\t\t\t<\/div>\n\t\t\t\t<\/div>\n\t\t<div class=\"elementor-element elementor-element-f11ef99 e-con-full e-flex e-con e-child\" data-id=\"f11ef99\" data-element_type=\"container\" data-e-type=\"container\" data-settings=\"{&quot;background_background&quot;:&quot;classic&quot;}\">\n\t\t\t\t<div class=\"elementor-element elementor-element-ae95c84 elementor-view-default elementor-widget elementor-widget-icon\" data-id=\"ae95c84\" data-element_type=\"widget\" data-e-type=\"widget\" data-widget_type=\"icon.default\">\n\t\t\t\t<div class=\"elementor-widget-container\">\n\t\t\t\t\t\t\t<div class=\"elementor-icon-wrapper\">\n\t\t\t<div class=\"elementor-icon\">\n\t\t\t<svg aria-hidden=\"true\" class=\"e-font-icon-svg e-fas-retweet\" viewbox=\"0 0 640 512\" xmlns=\"http:\/\/www.w3.org\/2000\/svg\"><path d=\"M629.657 343.598L528.971 444.284c-9.373 9.372-24.568 9.372-33.941 0L394.343 343.598c-9.373-9.373-9.373-24.569 0-33.941l10.823-10.823c9.562-9.562 25.133-9.34 34.419.492L480 342.118V160H292.451a24.005 24.005 0 0 1-16.971-7.029l-16-16C244.361 121.851 255.069 96 276.451 96H520c13.255 0 24 10.745 24 24v222.118l40.416-42.792c9.285-9.831 24.856-10.054 34.419-.492l10.823 10.823c9.372 9.372 9.372 24.569-.001 33.941zm-265.138 15.431A23.999 23.999 0 0 0 347.548 352H160V169.881l40.416 42.792c9.286 9.831 24.856 10.054 34.419.491l10.822-10.822c9.373-9.373 9.373-24.569 0-33.941L144.971 67.716c-9.373-9.373-24.569-9.373-33.941 0L10.343 168.402c-9.373 9.373-9.373 24.569 0 33.941l10.822 10.822c9.562 9.562 25.133 9.34 34.419-.491L96 169.881V392c0 13.255 10.745 24 24 24h243.549c21.382 0 32.09-25.851 16.971-40.971l-16.001-16z\"><\/path><\/svg>\t\t\t<\/div>\n\t\t<\/div>\n\t\t\t\t\t\t<\/div>\n\t\t\t\t<\/div>\n\t\t\t\t<div class=\"elementor-element elementor-element-d107476 elementor-widget elementor-widget-text-editor\" data-id=\"d107476\" data-element_type=\"widget\" data-e-type=\"widget\" data-widget_type=\"text-editor.default\">\n\t\t\t\t<div class=\"elementor-widget-container\">\n\t\t\t\t\t\t\t\t\t<p><a href=\"https:\/\/a\u00e9rago.com\/demande-de-retour\/\">Returns<\/a><\/p>\t\t\t\t\t\t\t\t<\/div>\n\t\t\t\t<\/div>\n\t\t\t\t<\/div>\n\t\t<div class=\"elementor-element elementor-element-ab035e2 e-con-full e-flex e-con e-child\" data-id=\"ab035e2\" data-element_type=\"container\" data-e-type=\"container\" data-settings=\"{&quot;background_background&quot;:&quot;classic&quot;}\">\n\t\t\t\t<div class=\"elementor-element elementor-element-74474b3 elementor-widget elementor-widget-text-editor\" data-id=\"74474b3\" data-element_type=\"widget\" data-e-type=\"widget\" data-widget_type=\"text-editor.default\">\n\t\t\t\t<div class=\"elementor-widget-container\">\n\t\t\t\t\t\t\t\t\t<p><a href=\"https:\/\/a\u00e9rago.com\/contact\/\">Contact us\u00a0<\/a><\/p>\t\t\t\t\t\t\t\t<\/div>\n\t\t\t\t<\/div>\n\t\t\t\t<div class=\"elementor-element elementor-element-186db4e elementor-view-default elementor-widget elementor-widget-icon\" data-id=\"186db4e\" data-element_type=\"widget\" data-e-type=\"widget\" data-widget_type=\"icon.default\">\n\t\t\t\t<div class=\"elementor-widget-container\">\n\t\t\t\t\t\t\t<div class=\"elementor-icon-wrapper\">\n\t\t\t<div class=\"elementor-icon\">\n\t\t\t<svg aria-hidden=\"true\" class=\"e-font-icon-svg e-fas-phone-alt\" viewbox=\"0 0 512 512\" xmlns=\"http:\/\/www.w3.org\/2000\/svg\"><path d=\"M497.39 361.8l-112-48a24 24 0 0 0-28 6.9l-49.6 60.6A370.66 370.66 0 0 1 130.6 204.11l60.6-49.6a23.94 23.94 0 0 0 6.9-28l-48-112A24.16 24.16 0 0 0 122.6.61l-104 24A24 24 0 0 0 0 48c0 256.5 207.9 464 464 464a24 24 0 0 0 23.4-18.6l24-104a24.29 24.29 0 0 0-14.01-27.6z\"><\/path><\/svg>\t\t\t<\/div>\n\t\t<\/div>\n\t\t\t\t\t\t<\/div>\n\t\t\t\t<\/div>\n\t\t\t\t<\/div>\n\t\t\t\t\t<\/div>\n\t\t\t\t<\/div>\n\t\t<div class=\"elementor-element elementor-element-825e9a2 e-flex e-con-boxed e-con e-parent\" data-id=\"825e9a2\" data-element_type=\"container\" data-e-type=\"container\" data-settings=\"{&quot;background_background&quot;:&quot;classic&quot;}\">\n\t\t\t\t\t<div class=\"e-con-inner\">\n\t\t<div class=\"elementor-element elementor-element-43d2ab5 e-con-full e-flex e-con e-child\" data-id=\"43d2ab5\" data-element_type=\"container\" data-e-type=\"container\">\n\t\t\t\t<div class=\"elementor-element elementor-element-f901edb elementor-widget elementor-widget-heading\" data-id=\"f901edb\" data-element_type=\"widget\" data-e-type=\"widget\" data-widget_type=\"heading.default\">\n\t\t\t\t<div class=\"elementor-widget-container\">\n\t\t\t\t\t<h2 class=\"elementor-heading-title elementor-size-default\">Find your product by category<\/h2>\t\t\t\t<\/div>\n\t\t\t\t<\/div>\n\t\t\t\t<\/div>\n\t\t\t\t\t<\/div>\n\t\t\t\t<\/div>\n\t\t<div class=\"elementor-element elementor-element-d09a209 e-flex e-con-boxed e-con e-parent\" data-id=\"d09a209\" data-element_type=\"container\" data-e-type=\"container\" data-settings=\"{&quot;background_background&quot;:&quot;classic&quot;}\">\n\t\t\t\t\t<div class=\"e-con-inner\">\n\t\t\t\t<div class=\"elementor-element elementor-element-61373c9 elementor-widget elementor-widget-shortcode\" data-id=\"61373c9\" data-element_type=\"widget\" data-e-type=\"widget\" data-widget_type=\"shortcode.default\">\n\t\t\t\t<div class=\"elementor-widget-container\">\n\t\t\t\t\t\t\t<div class=\"elementor-shortcode\"><div class=\"woocommerce columns-4 product-grid\"><ul class=\"products columns-4\">\n<li class=\"product type-product post-637 status-publish first instock product_cat-ventilateur-portable product_cat-ventilateurs-de-bureau has-post-thumbnail sale featured shipping-taxable purchasable product-type-variable has-gallery-images\">\n\t<a href=\"https:\/\/xn--arago-bsa.com\/en\/product\/ventilateur-supraconducteur-3000mah-ai\/\" class=\"woocommerce-LoopProduct-link woocommerce-loop-product__link\">\n\t<span class=\"onsale\">Promo !<\/span>\n\t<img fetchpriority=\"high\" decoding=\"async\" width=\"420\" height=\"420\" src=\"https:\/\/i0.wp.com\/xn--arago-bsa.com\/wp-content\/uploads\/2025\/05\/kf-Sec62bcc9698241eaa99c4ff20bd5c5daA.webp?fit=420%2C420&amp;ssl=1\" class=\"attachment-woocommerce_thumbnail size-woocommerce_thumbnail\" alt=\"Ventilateur supraconducteur 3000mAh \u2013 100 vitesses\" srcset=\"https:\/\/i0.wp.com\/xn--arago-bsa.com\/wp-content\/uploads\/2025\/05\/kf-Sec62bcc9698241eaa99c4ff20bd5c5daA.webp?w=1000&amp;ssl=1 1000w, https:\/\/i0.wp.com\/xn--arago-bsa.com\/wp-content\/uploads\/2025\/05\/kf-Sec62bcc9698241eaa99c4ff20bd5c5daA.webp?resize=420%2C420&amp;ssl=1 420w, https:\/\/i0.wp.com\/xn--arago-bsa.com\/wp-content\/uploads\/2025\/05\/kf-Sec62bcc9698241eaa99c4ff20bd5c5daA.webp?resize=100%2C100&amp;ssl=1 100w, https:\/\/i0.wp.com\/xn--arago-bsa.com\/wp-content\/uploads\/2025\/05\/kf-Sec62bcc9698241eaa99c4ff20bd5c5daA.webp?resize=800%2C800&amp;ssl=1 800w, https:\/\/i0.wp.com\/xn--arago-bsa.com\/wp-content\/uploads\/2025\/05\/kf-Sec62bcc9698241eaa99c4ff20bd5c5daA.webp?resize=300%2C300&amp;ssl=1 300w, https:\/\/i0.wp.com\/xn--arago-bsa.com\/wp-content\/uploads\/2025\/05\/kf-Sec62bcc9698241eaa99c4ff20bd5c5daA.webp?resize=150%2C150&amp;ssl=1 150w, https:\/\/i0.wp.com\/xn--arago-bsa.com\/wp-content\/uploads\/2025\/05\/kf-Sec62bcc9698241eaa99c4ff20bd5c5daA.webp?resize=768%2C768&amp;ssl=1 768w\" sizes=\"(max-width: 420px) 100vw, 420px\" \/><h2 class=\"woocommerce-loop-product__title\">Superconducting fan 3000mAh - 100 speeds<\/h2>\n\t<span class=\"price\"><del aria-hidden=\"true\"><span class=\"woocommerce-Price-amount amount\"><bdi><span class=\"woocommerce-Price-currencySymbol\">&#36;<\/span>44.57<\/bdi><\/span><\/del> <span class=\"screen-reader-text\" data-no-translation=\"\" data-trp-gettext=\"\">Original price was: &#036;44.57.<\/span><ins aria-hidden=\"true\"><span class=\"woocommerce-Price-amount amount\"><bdi><span class=\"woocommerce-Price-currencySymbol\">&#36;<\/span>38.18<\/bdi><\/span><\/ins><span class=\"screen-reader-text\" data-no-translation=\"\" data-trp-gettext=\"\">Current price is: &#036;38.18.<\/span><\/span>\n<\/a><a title=\"Select options for \u201cVentilateur supraconducteur 3000mAh \u2013 100 vitesses\u201d\" href=\"https:\/\/xn--arago-bsa.com\/en\/product\/ventilateur-supraconducteur-3000mah-ai\/\" aria-describedby=\"woocommerce_loop_add_to_cart_link_describedby_637\" data-quantity=\"1\" class=\"button product_type_variable add_to_cart_button\" data-product_id=\"637\" data-product_sku=\"1005008829692626\" aria-label=\"Select options for \u201cVentilateur supraconducteur 3000mAh \u2013 100 vitesses\u201d\" rel=\"nofollow\" data-product_name=\"Ventilateur supraconducteur 3000mAh \u2013 100 vitesses\" data-price=\"33.79\" data-no-translation=\"\" data-trp-gettext=\"\" data-no-translation-title=\"\" data-no-translation-aria-label=\"\">Select options<\/a>\t<span id=\"woocommerce_loop_add_to_cart_link_describedby_637\" class=\"screen-reader-text\">\n\t\tThis product has multiple variants. The options may be chosen on the product page\t<\/span>\n<\/li>\n<li class=\"product type-product post-776 status-publish instock product_cat-ventilateur-portable product_cat-ventilateurs-de-bureau has-post-thumbnail sale shipping-taxable purchasable product-type-variable has-gallery-images\">\n\t<a href=\"https:\/\/xn--arago-bsa.com\/en\/product\/ventilateur-de-cou-usb\/\" class=\"woocommerce-LoopProduct-link woocommerce-loop-product__link\">\n\t<span class=\"onsale\">Promo !<\/span>\n\t<img decoding=\"async\" width=\"420\" height=\"420\" src=\"https:\/\/i0.wp.com\/xn--arago-bsa.com\/wp-content\/uploads\/2025\/05\/kf-Sde9fe529789d43a4845d25e6e8ed1bb8q.webp?fit=420%2C420&amp;ssl=1\" class=\"attachment-woocommerce_thumbnail size-woocommerce_thumbnail\" alt=\"Ventilateur de Cou USB 3000mAh \u2013 Portable, Pliable &amp; Sans Fil\" srcset=\"https:\/\/i0.wp.com\/xn--arago-bsa.com\/wp-content\/uploads\/2025\/05\/kf-Sde9fe529789d43a4845d25e6e8ed1bb8q.webp?w=1000&amp;ssl=1 1000w, https:\/\/i0.wp.com\/xn--arago-bsa.com\/wp-content\/uploads\/2025\/05\/kf-Sde9fe529789d43a4845d25e6e8ed1bb8q.webp?resize=420%2C420&amp;ssl=1 420w, https:\/\/i0.wp.com\/xn--arago-bsa.com\/wp-content\/uploads\/2025\/05\/kf-Sde9fe529789d43a4845d25e6e8ed1bb8q.webp?resize=100%2C100&amp;ssl=1 100w, https:\/\/i0.wp.com\/xn--arago-bsa.com\/wp-content\/uploads\/2025\/05\/kf-Sde9fe529789d43a4845d25e6e8ed1bb8q.webp?resize=800%2C800&amp;ssl=1 800w, https:\/\/i0.wp.com\/xn--arago-bsa.com\/wp-content\/uploads\/2025\/05\/kf-Sde9fe529789d43a4845d25e6e8ed1bb8q.webp?resize=300%2C300&amp;ssl=1 300w, https:\/\/i0.wp.com\/xn--arago-bsa.com\/wp-content\/uploads\/2025\/05\/kf-Sde9fe529789d43a4845d25e6e8ed1bb8q.webp?resize=150%2C150&amp;ssl=1 150w, https:\/\/i0.wp.com\/xn--arago-bsa.com\/wp-content\/uploads\/2025\/05\/kf-Sde9fe529789d43a4845d25e6e8ed1bb8q.webp?resize=768%2C768&amp;ssl=1 768w\" sizes=\"(max-width: 420px) 100vw, 420px\" \/><h2 class=\"woocommerce-loop-product__title\">USB 3000mAh Neck Fan - Portable, Foldable &amp; Wireless<\/h2>\n\t<span class=\"price\"><del aria-hidden=\"true\"><span class=\"woocommerce-Price-amount amount\"><bdi><span class=\"woocommerce-Price-currencySymbol\">&#36;<\/span>33.08<\/bdi><\/span><\/del> <span class=\"screen-reader-text\" data-no-translation=\"\" data-trp-gettext=\"\">Original price was: &#036;33.08.<\/span><ins aria-hidden=\"true\"><span class=\"woocommerce-Price-amount amount\"><bdi><span class=\"woocommerce-Price-currencySymbol\">&#36;<\/span>25.41<\/bdi><\/span><\/ins><span class=\"screen-reader-text\" data-no-translation=\"\" data-trp-gettext=\"\">Current price is: &#036;25.41.<\/span><\/span>\n<\/a><a title=\"Select options for \u201cVentilateur de Cou USB 3000mAh \u2013 Portable, Pliable &amp; Sans Fil\u201d\" href=\"https:\/\/xn--arago-bsa.com\/en\/product\/ventilateur-de-cou-usb\/\" aria-describedby=\"woocommerce_loop_add_to_cart_link_describedby_776\" data-quantity=\"1\" class=\"button product_type_variable add_to_cart_button\" data-product_id=\"776\" data-product_sku=\"1005005249981450\" aria-label=\"Select options for \u201cVentilateur de Cou USB 3000mAh \u2013 Portable, Pliable &amp; Sans Fil\u201d\" rel=\"nofollow\" data-product_name=\"Ventilateur de Cou USB 3000mAh \u2013 Portable, Pliable &amp; Sans Fil\" data-price=\"22.49\" data-no-translation=\"\" data-trp-gettext=\"\" data-no-translation-title=\"\" data-no-translation-aria-label=\"\">Select options<\/a>\t<span id=\"woocommerce_loop_add_to_cart_link_describedby_776\" class=\"screen-reader-text\">\n\t\tThis product has multiple variants. The options may be chosen on the product page\t<\/span>\n<\/li>\n<\/ul>\n<\/div>\n<\/div>\n\t\t\t\t\t\t<\/div>\n\t\t\t\t<\/div>\n\t\t\t\t<div class=\"elementor-element elementor-element-0e642b2 elementor-widget elementor-widget-spacer\" data-id=\"0e642b2\" data-element_type=\"widget\" data-e-type=\"widget\" data-widget_type=\"spacer.default\">\n\t\t\t\t<div class=\"elementor-widget-container\">\n\t\t\t\t\t\t\t<div class=\"elementor-spacer\">\n\t\t\t<div class=\"elementor-spacer-inner\"><\/div>\n\t\t<\/div>\n\t\t\t\t\t\t<\/div>\n\t\t\t\t<\/div>\n\t\t\t\t\t<\/div>\n\t\t\t\t<\/div>\n\t\t\t\t<\/div>","protected":false},"excerpt":{"rendered":"<p>Status de la livraison Retours Contactez nous\u00a0 Trouvez votre produit par cat\u00e9gorie<\/p>","protected":false},"author":1,"featured_media":0,"parent":0,"menu_order":0,"comment_status":"closed","ping_status":"closed","template":"","meta":{"footnotes":""},"class_list":["post-458","page","type-page","status-publish","hentry"],"yoast_head":"<!-- This site is optimized with the Yoast SEO plugin v27.4 - https:\/\/yoast.com\/product\/yoast-seo-wordpress\/ -->\n<title>Support - A\u00e9raGo<\/title>\n<meta name=\"robots\" content=\"index, follow, max-snippet:-1, max-image-preview:large, max-video-preview:-1\" \/>\n<link rel=\"canonical\" href=\"https:\/\/xn--arago-bsa.com\/en\/support\/\" \/>\n<meta property=\"og:locale\" content=\"en_GB\" \/>\n<meta property=\"og:type\" content=\"article\" \/>\n<meta property=\"og:title\" content=\"Support - A\u00e9raGo\" \/>\n<meta property=\"og:description\" content=\"Status de la livraison Retours Contactez nous\u00a0 Trouvez votre produit par cat\u00e9gorie\" \/>\n<meta property=\"og:url\" content=\"https:\/\/xn--arago-bsa.com\/en\/support\/\" \/>\n<meta property=\"og:site_name\" content=\"A\u00e9raGo\" \/>\n<meta property=\"article:modified_time\" content=\"2025-05-17T21:37:23+00:00\" \/>\n<meta name=\"twitter:card\" content=\"summary_large_image\" \/>\n<meta name=\"twitter:label1\" content=\"Estimated reading time\" \/>\n\t<meta name=\"twitter:data1\" content=\"1 minute\" \/>\n<script type=\"application\/ld+json\" class=\"yoast-schema-graph\">{\"@context\":\"https:\\\/\\\/schema.org\",\"@graph\":[{\"@type\":\"WebPage\",\"@id\":\"https:\\\/\\\/xn--arago-bsa.com\\\/support\\\/\",\"url\":\"https:\\\/\\\/xn--arago-bsa.com\\\/support\\\/\",\"name\":\"Support - A\u00e9raGo\",\"isPartOf\":{\"@id\":\"https:\\\/\\\/xn--arago-bsa.com\\\/#website\"},\"datePublished\":\"2025-05-12T15:09:47+00:00\",\"dateModified\":\"2025-05-17T21:37:23+00:00\",\"breadcrumb\":{\"@id\":\"https:\\\/\\\/xn--arago-bsa.com\\\/support\\\/#breadcrumb\"},\"inLanguage\":\"en-GB\",\"potentialAction\":[{\"@type\":\"ReadAction\",\"target\":[\"https:\\\/\\\/xn--arago-bsa.com\\\/support\\\/\"]}]},{\"@type\":\"BreadcrumbList\",\"@id\":\"https:\\\/\\\/xn--arago-bsa.com\\\/support\\\/#breadcrumb\",\"itemListElement\":[{\"@type\":\"ListItem\",\"position\":1,\"name\":\"Home\",\"item\":\"https:\\\/\\\/xn--arago-bsa.com\\\/\"},{\"@type\":\"ListItem\",\"position\":2,\"name\":\"Support\"}]},{\"@type\":\"WebSite\",\"@id\":\"https:\\\/\\\/xn--arago-bsa.com\\\/#website\",\"url\":\"https:\\\/\\\/xn--arago-bsa.com\\\/\",\"name\":\"a\u00e9rago.com\",\"description\":\"A\u00e9raGo est sp\u00e9cialis\u00e9e dans les ventilateurs au design \u00e9pur\u00e9. Pratiques et \u00e9l\u00e9gants, ils vous apportent de la fra\u00eecheur o\u00f9 que vous soyez.\",\"publisher\":{\"@id\":\"https:\\\/\\\/xn--arago-bsa.com\\\/#\\\/schema\\\/person\\\/aafa2158d94aea343a4af5ce729400bd\"},\"potentialAction\":[{\"@type\":\"SearchAction\",\"target\":{\"@type\":\"EntryPoint\",\"urlTemplate\":\"https:\\\/\\\/xn--arago-bsa.com\\\/?s={search_term_string}\"},\"query-input\":{\"@type\":\"PropertyValueSpecification\",\"valueRequired\":true,\"valueName\":\"search_term_string\"}}],\"inLanguage\":\"en-GB\"},{\"@type\":[\"Person\",\"Organization\"],\"@id\":\"https:\\\/\\\/xn--arago-bsa.com\\\/#\\\/schema\\\/person\\\/aafa2158d94aea343a4af5ce729400bd\",\"name\":\"work.working47nhftkgqa@gmail.com\",\"image\":{\"@type\":\"ImageObject\",\"inLanguage\":\"en-GB\",\"@id\":\"https:\\\/\\\/i0.wp.com\\\/xn--arago-bsa.com\\\/wp-content\\\/uploads\\\/2025\\\/05\\\/cropped-cropped-cropped-cropped-cropped-1AGo.png?fit=1098%2C321&ssl=1\",\"url\":\"https:\\\/\\\/i0.wp.com\\\/xn--arago-bsa.com\\\/wp-content\\\/uploads\\\/2025\\\/05\\\/cropped-cropped-cropped-cropped-cropped-1AGo.png?fit=1098%2C321&ssl=1\",\"contentUrl\":\"https:\\\/\\\/i0.wp.com\\\/xn--arago-bsa.com\\\/wp-content\\\/uploads\\\/2025\\\/05\\\/cropped-cropped-cropped-cropped-cropped-1AGo.png?fit=1098%2C321&ssl=1\",\"width\":1098,\"height\":321,\"caption\":\"work.working47nhftkgqa@gmail.com\"},\"logo\":{\"@id\":\"https:\\\/\\\/i0.wp.com\\\/xn--arago-bsa.com\\\/wp-content\\\/uploads\\\/2025\\\/05\\\/cropped-cropped-cropped-cropped-cropped-1AGo.png?fit=1098%2C321&ssl=1\"},\"sameAs\":[\"http:\\\/\\\/xn--arago-bsa.com\"]}]}<\/script>\n<!-- \/ Yoast SEO plugin. -->","yoast_head_json":{"title":"Support - A\u00e9raGo","robots":{"index":"index","follow":"follow","max-snippet":"max-snippet:-1","max-image-preview":"max-image-preview:large","max-video-preview":"max-video-preview:-1"},"canonical":"https:\/\/xn--arago-bsa.com\/en\/support\/","og_locale":"en_GB","og_type":"article","og_title":"Support - A\u00e9raGo","og_description":"Status de la livraison Retours Contactez nous\u00a0 Trouvez votre produit par cat\u00e9gorie","og_url":"https:\/\/xn--arago-bsa.com\/en\/support\/","og_site_name":"A\u00e9raGo","article_modified_time":"2025-05-17T21:37:23+00:00","twitter_card":"summary_large_image","twitter_misc":{"Estimated reading time":"1 minute"},"schema":{"@context":"https:\/\/schema.org","@graph":[{"@type":"WebPage","@id":"https:\/\/xn--arago-bsa.com\/support\/","url":"https:\/\/xn--arago-bsa.com\/support\/","name":"Support - A\u00e9raGo","isPartOf":{"@id":"https:\/\/xn--arago-bsa.com\/#website"},"datePublished":"2025-05-12T15:09:47+00:00","dateModified":"2025-05-17T21:37:23+00:00","breadcrumb":{"@id":"https:\/\/xn--arago-bsa.com\/support\/#breadcrumb"},"inLanguage":"en-GB","potentialAction":[{"@type":"ReadAction","target":["https:\/\/xn--arago-bsa.com\/support\/"]}]},{"@type":"BreadcrumbList","@id":"https:\/\/xn--arago-bsa.com\/support\/#breadcrumb","itemListElement":[{"@type":"ListItem","position":1,"name":"Home","item":"https:\/\/xn--arago-bsa.com\/"},{"@type":"ListItem","position":2,"name":"Support"}]},{"@type":"WebSite","@id":"https:\/\/xn--arago-bsa.com\/#website","url":"https:\/\/xn--arago-bsa.com\/","name":"a\u00e9rago.com","description":"A\u00e9raGo specialises in fans with a sleek design. Practical and elegant, they keep you cool wherever you are.","publisher":{"@id":"https:\/\/xn--arago-bsa.com\/#\/schema\/person\/aafa2158d94aea343a4af5ce729400bd"},"potentialAction":[{"@type":"SearchAction","target":{"@type":"EntryPoint","urlTemplate":"https:\/\/xn--arago-bsa.com\/?s={search_term_string}"},"query-input":{"@type":"PropertyValueSpecification","valueRequired":true,"valueName":"search_term_string"}}],"inLanguage":"en-GB"},{"@type":["Person","Organization"],"@id":"https:\/\/xn--arago-bsa.com\/#\/schema\/person\/aafa2158d94aea343a4af5ce729400bd","name":"work.working47nhftkgqa@gmail.com","image":{"@type":"ImageObject","inLanguage":"en-GB","@id":"https:\/\/i0.wp.com\/xn--arago-bsa.com\/wp-content\/uploads\/2025\/05\/cropped-cropped-cropped-cropped-cropped-1AGo.png?fit=1098%2C321&ssl=1","url":"https:\/\/i0.wp.com\/xn--arago-bsa.com\/wp-content\/uploads\/2025\/05\/cropped-cropped-cropped-cropped-cropped-1AGo.png?fit=1098%2C321&ssl=1","contentUrl":"https:\/\/i0.wp.com\/xn--arago-bsa.com\/wp-content\/uploads\/2025\/05\/cropped-cropped-cropped-cropped-cropped-1AGo.png?fit=1098%2C321&ssl=1","width":1098,"height":321,"caption":"work.working47nhftkgqa@gmail.com"},"logo":{"@id":"https:\/\/i0.wp.com\/xn--arago-bsa.com\/wp-content\/uploads\/2025\/05\/cropped-cropped-cropped-cropped-cropped-1AGo.png?fit=1098%2C321&ssl=1"},"sameAs":["http:\/\/xn--arago-bsa.com"]}]}},"jetpack_sharing_enabled":true,"_links":{"self":[{"href":"https:\/\/xn--arago-bsa.com\/en\/wp-json\/wp\/v2\/pages\/458","targetHints":{"allow":["GET"]}}],"collection":[{"href":"https:\/\/xn--arago-bsa.com\/en\/wp-json\/wp\/v2\/pages"}],"about":[{"href":"https:\/\/xn--arago-bsa.com\/en\/wp-json\/wp\/v2\/types\/page"}],"author":[{"embeddable":true,"href":"https:\/\/xn--arago-bsa.com\/en\/wp-json\/wp\/v2\/users\/1"}],"replies":[{"embeddable":true,"href":"https:\/\/xn--arago-bsa.com\/en\/wp-json\/wp\/v2\/comments?post=458"}],"version-history":[{"count":0,"href":"https:\/\/xn--arago-bsa.com\/en\/wp-json\/wp\/v2\/pages\/458\/revisions"}],"wp:attachment":[{"href":"https:\/\/xn--arago-bsa.com\/en\/wp-json\/wp\/v2\/media?parent=458"}],"curies":[{"name":"wp","href":"https:\/\/api.w.org\/{rel}","templated":true}]}}