{"id":32,"date":"2025-05-06T19:17:19","date_gmt":"2025-05-06T19:17:19","guid":{"rendered":"https:\/\/a\u00e9rago.com\/?page_id=32"},"modified":"2025-05-17T21:43:33","modified_gmt":"2025-05-17T21:43:33","slug":"contact","status":"publish","type":"page","link":"https:\/\/xn--arago-bsa.com\/en\/contact\/","title":{"rendered":"Contact"},"content":{"rendered":"<div data-elementor-type=\"wp-page\" data-elementor-id=\"32\" class=\"elementor elementor-32\">\n\t\t\t\t<div class=\"elementor-element elementor-element-2cf30ce e-flex e-con-boxed e-con e-parent\" data-id=\"2cf30ce\" data-element_type=\"container\" data-e-type=\"container\">\n\t\t\t\t\t<div class=\"e-con-inner\">\n\t\t\t\t<div class=\"elementor-element elementor-element-18401db elementor-widget elementor-widget-spacer\" data-id=\"18401db\" data-element_type=\"widget\" data-e-type=\"widget\" data-widget_type=\"spacer.default\">\n\t\t\t\t<div class=\"elementor-widget-container\">\n\t\t\t\t\t\t\t<div class=\"elementor-spacer\">\n\t\t\t<div class=\"elementor-spacer-inner\"><\/div>\n\t\t<\/div>\n\t\t\t\t\t\t<\/div>\n\t\t\t\t<\/div>\n\t\t\t\t<div class=\"elementor-element elementor-element-f8a2d03 elementor-widget elementor-widget-text-editor\" data-id=\"f8a2d03\" data-element_type=\"widget\" data-e-type=\"widget\" data-widget_type=\"text-editor.default\">\n\t\t\t\t<div class=\"elementor-widget-container\">\n\t\t\t\t\t\t\t\t\t<h2>Contact us<\/h2><p class=\"translation-block\">At A\u00e9raGo, we're here to help with any questions, requests for information or assistance you may have. Don't hesitate to contact us. Our team will get back to you as soon as possible.<\/p><hr \/><h3>\ud83d\udcac <strong>Contact form<\/strong><\/h3><p>You can write to us directly using the form below:<\/p>\t\t\t\t\t\t\t\t<\/div>\n\t\t\t\t<\/div>\n\t\t\t\t<div class=\"elementor-element elementor-element-239f1ac elementor-widget elementor-widget-wp-widget-mailpoet_form\" data-id=\"239f1ac\" data-element_type=\"widget\" data-e-type=\"widget\" data-widget_type=\"wp-widget-mailpoet_form.default\">\n\t\t\t\t<div class=\"elementor-widget-container\">\n\t\t\t\t\t  \n  \n  <div class=\"mailpoet_form_popup_overlay\"><\/div>\n  <div\n    id=\"mailpoet_form_3\"\n    class=\"mailpoet_form      mailpoet_form_widget      mailpoet_form_position_      mailpoet_form_animation_\"\n      >\n\n    <style type=\"text\/css\">\n     #mailpoet_form_3 .mailpoet_form {  }\n#mailpoet_form_3 .mailpoet_column_with_background { padding: 10px; }\n#mailpoet_form_3 .mailpoet_form_column:not(:first-child) { margin-left: 20px; }\n#mailpoet_form_3 .mailpoet_paragraph { line-height: 20px; margin-bottom: 20px; }\n#mailpoet_form_3 .mailpoet_segment_label, #mailpoet_form_3 .mailpoet_text_label, #mailpoet_form_3 .mailpoet_textarea_label, #mailpoet_form_3 .mailpoet_select_label, #mailpoet_form_3 .mailpoet_radio_label, #mailpoet_form_3 .mailpoet_checkbox_label, #mailpoet_form_3 .mailpoet_list_label, #mailpoet_form_3 .mailpoet_date_label { display: block; font-weight: normal; }\n#mailpoet_form_3 .mailpoet_text, #mailpoet_form_3 .mailpoet_textarea, #mailpoet_form_3 .mailpoet_select, #mailpoet_form_3 .mailpoet_date_month, #mailpoet_form_3 .mailpoet_date_day, #mailpoet_form_3 .mailpoet_date_year, #mailpoet_form_3 .mailpoet_date { display: block; }\n#mailpoet_form_3 .mailpoet_text, #mailpoet_form_3 .mailpoet_textarea { width: 200px; }\n#mailpoet_form_3 .mailpoet_checkbox {  }\n#mailpoet_form_3 .mailpoet_submit {  }\n#mailpoet_form_3 .mailpoet_divider {  }\n#mailpoet_form_3 .mailpoet_message {  }\n#mailpoet_form_3 .mailpoet_form_loading { width: 30px; text-align: center; line-height: normal; }\n#mailpoet_form_3 .mailpoet_form_loading > span { width: 5px; height: 5px; background-color: #5b5b5b; }#mailpoet_form_3{border-radius: 0px;text-align: left;}#mailpoet_form_3 form.mailpoet_form {padding: 20px;}#mailpoet_form_3{width: 100%;}#mailpoet_form_3 .mailpoet_message {margin: 0; padding: 0 20px;}#mailpoet_form_3 .mailpoet_paragraph.last {margin-bottom: 0} @media (max-width: 500px) {#mailpoet_form_3 {background-image: none;}} @media (min-width: 500px) {#mailpoet_form_3 .last .mailpoet_paragraph:last-child {margin-bottom: 0}}  @media (max-width: 500px) {#mailpoet_form_3 .mailpoet_form_column:last-child .mailpoet_paragraph:last-child {margin-bottom: 0}} \n    <\/style>\n\n    <form\n      target=\"_self\"\n      method=\"post\"\n      action=\"https:\/\/xn--arago-bsa.com\/wp-admin\/admin-post.php?action=mailpoet_subscription_form\"\n      class=\"mailpoet_form mailpoet_form_form mailpoet_form_widget\"\n      novalidate\n data-delay=\"\"\n      data-exit-intent-enabled=\"\"\n      data-font-family=\"\"\n      data-cookie-expiration-time=\"\"\n    >\n      <input type=\"hidden\" name=\"data[form_id]\" value=\"3\" \/>\n      <input type=\"hidden\" name=\"token\" value=\"bd4d4c28a3\" \/>\n      <input type=\"hidden\" name=\"api_version\" value=\"v1\" \/>\n      <input type=\"hidden\" name=\"endpoint\" value=\"subscribers\" \/>\n      <input type=\"hidden\" name=\"mailpoet_method\" value=\"subscribe\" \/>\n\n      <label class=\"mailpoet_hp_email_label\" style=\"display: none !important;\">Please leave this field empty<input type=\"email\" name=\"data[email]\"\/><\/label><div class=\"mailpoet_paragraph\"><input type=\"text\" autocomplete=\"family-name\" class=\"mailpoet_text\" id=\"form_last_name_3\" name=\"data[form_field_ZTc5YmNhZjljNTNlX2xhc3RfbmFtZQ==]\" title=\"Name\" value=\"\" style=\"width:100%;box-sizing:border-box;padding:5px;margin: 0 auto 0 0;\" data-automation-id=\"form_last_name\"  placeholder=\"Name\" aria-label=\"Name\" data-parsley-errors-container=\".mailpoet_error_1loo1\" data-parsley-names='[&quot;Please specify a valid name.&quot;,&quot;Addresses in names are not permitted, please add your name instead.&quot;]'\/><span class=\"mailpoet_error_1loo1\"><\/span><\/div>\n<div class=\"mailpoet_paragraph\"><input type=\"email\" autocomplete=\"email\" class=\"mailpoet_text\" id=\"form_email_3\" name=\"data[form_field_OTMxYWY0NmI1M2Q0X2VtYWls]\" title=\"Adresse e-mail\" value=\"\" style=\"width:100%;box-sizing:border-box;padding:5px;margin: 0 auto 0 0;\" data-automation-id=\"form_email\"  placeholder=\"E-mail address\" aria-label=\"E-mail address\" data-parsley-errors-container=\".mailpoet_error_bkljr\" data-parsley-required=\"true\" required aria-required=\"true\" data-parsley-minlength=\"6\" data-parsley-maxlength=\"150\" data-parsley-type-message=\"This value should be a valid email.\" data-parsley-required-message=\"This field is required.\"\/><span class=\"mailpoet_error_bkljr\"><\/span><\/div>\n<div class=\"mailpoet_paragraph\"><textarea class=\"mailpoet_textarea\" data-automation-id=\"form_custom_text_area\" rows=\"1\" name=\"data[cf_1]\" placeholder=\"Object *\" aria-label=\"Object *\" data-parsley-errors-container=\".mailpoet_error_1rh48\" data-parsley-required=\"true\" required aria-required=\"true\" data-parsley-required-message=\"This field is required.\"style=\"width:100%;box-sizing:border-box;padding:5px;margin: 0 auto 0 0;\" ><\/textarea><span class=\"mailpoet_error_1rh48\"><\/span><\/div>\n<div class=\"mailpoet_paragraph\"><textarea class=\"mailpoet_textarea\" data-automation-id=\"form_custom_text_area\" rows=\"5\" name=\"data[cf_2]\" placeholder=\"Message : *\" aria-label=\"Message : *\" data-parsley-errors-container=\".mailpoet_error_13aed\" data-parsley-required=\"true\" required aria-required=\"true\" data-parsley-required-message=\"This field is required.\"style=\"width:100%;box-sizing:border-box;padding:5px;margin: 0 auto 0 0;\" ><\/textarea><span class=\"mailpoet_error_13aed\"><\/span><\/div>\n<div class=\"mailpoet_paragraph\"><input type=\"submit\" class=\"mailpoet_submit\" value=\"Envoyer le message\" data-automation-id=\"subscribe-submit-button\" style=\"width:100%;box-sizing:border-box;padding:5px;margin: 0 auto 0 0;border-color:transparent;\" \/><span class=\"mailpoet_form_loading\"><span class=\"mailpoet_bounce1\"><\/span><span class=\"mailpoet_bounce2\"><\/span><span class=\"mailpoet_bounce3\"><\/span><\/span><\/div>\n\n      <div class=\"mailpoet_message\">\n        <p class=\"mailpoet_validate_success\"\n                style=\"display:none;\"\n                >Merci pour votre message. Notre \u00e9quipe A\u00e9raGo a bien re\u00e7u votre demande et vous r\u00e9pondra dans les plus brefs d\u00e9lais (g\u00e9n\u00e9ralement sous 24 \u00e0 48 heures ouvr\u00e9es).\n\nEn attendant, n\u2019h\u00e9sitez pas \u00e0 nous suivre sur les r\u00e9seaux sociaux pour rester inform\u00e9(e) de nos nouveaut\u00e9s.\n\n\u00c0 tr\u00e8s bient\u00f4t,\nL\u2019\u00e9quipe A\u00e9raGo\n        <\/p>\n        <p class=\"mailpoet_validate_error\"\n                style=\"display:none;\"\n                >        <\/p>\n      <\/div>\n    <\/form>\n\n      <\/div>\n\n  \t\t\t\t<\/div>\n\t\t\t\t<\/div>\n\t\t\t\t<div class=\"elementor-element elementor-element-d7fe3f1 elementor-widget elementor-widget-text-editor\" data-id=\"d7fe3f1\" data-element_type=\"widget\" data-e-type=\"widget\" data-widget_type=\"text-editor.default\">\n\t\t\t\t<div class=\"elementor-widget-container\">\n\t\t\t\t\t\t\t\t\t<h3>\u2709\ufe0f <strong>By e-mail<\/strong><\/h3><p>You can also contact us by e-mail at the following address:<br \/>\ud83d\udce7 <strong><a href=\"mailto:service.client@aerago.com\">service.client@aerago.com<\/a><\/strong><\/p><h3>\ud83d\udd17 <strong>Social networks<\/strong><\/h3><p>Follow us to keep up to date with our latest news and exclusive offers:<\/p>\t\t\t\t\t\t\t\t<\/div>\n\t\t\t\t<\/div>\n\t\t\t\t<div class=\"elementor-element elementor-element-f1d3f92 elementor-shape-rounded elementor-grid-0 e-grid-align-center elementor-widget elementor-widget-social-icons\" data-id=\"f1d3f92\" data-element_type=\"widget\" data-e-type=\"widget\" data-widget_type=\"social-icons.default\">\n\t\t\t\t<div class=\"elementor-widget-container\">\n\t\t\t\t\t\t\t<div class=\"elementor-social-icons-wrapper elementor-grid\" role=\"list\">\n\t\t\t\t\t\t\t<span class=\"elementor-grid-item\" role=\"listitem\">\n\t\t\t\t\t<a class=\"elementor-icon elementor-social-icon elementor-social-icon-facebook elementor-repeater-item-4508fc4\" href=\"https:\/\/www.facebook.com\/profile.php?id=61576454630698\" target=\"_blank\">\n\t\t\t\t\t\t<span class=\"elementor-screen-only\">Facebook<\/span>\n\t\t\t\t\t\t<svg aria-hidden=\"true\" class=\"e-font-icon-svg e-fab-facebook\" viewbox=\"0 0 512 512\" xmlns=\"http:\/\/www.w3.org\/2000\/svg\"><path d=\"M504 256C504 119 393 8 256 8S8 119 8 256c0 123.78 90.69 226.38 209.25 245V327.69h-63V256h63v-54.64c0-62.15 37-96.48 93.67-96.48 27.14 0 55.52 4.84 55.52 4.84v61h-31.28c-30.8 0-40.41 19.12-40.41 38.73V256h68.78l-11 71.69h-57.78V501C413.31 482.38 504 379.78 504 256z\"><\/path><\/svg>\t\t\t\t\t<\/a>\n\t\t\t\t<\/span>\n\t\t\t\t\t\t\t<span class=\"elementor-grid-item\" role=\"listitem\">\n\t\t\t\t\t<a class=\"elementor-icon elementor-social-icon elementor-social-icon-instagram elementor-repeater-item-699427b\" href=\"https:\/\/www.instagram.com\/aerago.store\/\" target=\"_blank\">\n\t\t\t\t\t\t<span class=\"elementor-screen-only\">Instagram<\/span>\n\t\t\t\t\t\t<svg aria-hidden=\"true\" class=\"e-font-icon-svg e-fab-instagram\" viewbox=\"0 0 448 512\" xmlns=\"http:\/\/www.w3.org\/2000\/svg\"><path d=\"M224.1 141c-63.6 0-114.9 51.3-114.9 114.9s51.3 114.9 114.9 114.9S339 319.5 339 255.9 287.7 141 224.1 141zm0 189.6c-41.1 0-74.7-33.5-74.7-74.7s33.5-74.7 74.7-74.7 74.7 33.5 74.7 74.7-33.6 74.7-74.7 74.7zm146.4-194.3c0 14.9-12 26.8-26.8 26.8-14.9 0-26.8-12-26.8-26.8s12-26.8 26.8-26.8 26.8 12 26.8 26.8zm76.1 27.2c-1.7-35.9-9.9-67.7-36.2-93.9-26.2-26.2-58-34.4-93.9-36.2-37-2.1-147.9-2.1-184.9 0-35.8 1.7-67.6 9.9-93.9 36.1s-34.4 58-36.2 93.9c-2.1 37-2.1 147.9 0 184.9 1.7 35.9 9.9 67.7 36.2 93.9s58 34.4 93.9 36.2c37 2.1 147.9 2.1 184.9 0 35.9-1.7 67.7-9.9 93.9-36.2 26.2-26.2 34.4-58 36.2-93.9 2.1-37 2.1-147.8 0-184.8zM398.8 388c-7.8 19.6-22.9 34.7-42.6 42.6-29.5 11.7-99.5 9-132.1 9s-102.7 2.6-132.1-9c-19.6-7.8-34.7-22.9-42.6-42.6-11.7-29.5-9-99.5-9-132.1s-2.6-102.7 9-132.1c7.8-19.6 22.9-34.7 42.6-42.6 29.5-11.7 99.5-9 132.1-9s102.7-2.6 132.1 9c19.6 7.8 34.7 22.9 42.6 42.6 11.7 29.5 9 99.5 9 132.1s2.7 102.7-9 132.1z\"><\/path><\/svg>\t\t\t\t\t<\/a>\n\t\t\t\t<\/span>\n\t\t\t\t\t\t\t<span class=\"elementor-grid-item\" role=\"listitem\">\n\t\t\t\t\t<a class=\"elementor-icon elementor-social-icon elementor-social-icon-tiktok elementor-repeater-item-f6d17fb\" href=\"https:\/\/www.tiktok.com\/@aerago.store\" target=\"_blank\">\n\t\t\t\t\t\t<span class=\"elementor-screen-only\">Tiktok<\/span>\n\t\t\t\t\t\t<svg aria-hidden=\"true\" class=\"e-font-icon-svg e-fab-tiktok\" viewbox=\"0 0 448 512\" xmlns=\"http:\/\/www.w3.org\/2000\/svg\"><path d=\"M448,209.91a210.06,210.06,0,0,1-122.77-39.25V349.38A162.55,162.55,0,1,1,185,188.31V278.2a74.62,74.62,0,1,0,52.23,71.18V0l88,0a121.18,121.18,0,0,0,1.86,22.17h0A122.18,122.18,0,0,0,381,102.39a121.43,121.43,0,0,0,67,20.14Z\"><\/path><\/svg>\t\t\t\t\t<\/a>\n\t\t\t\t<\/span>\n\t\t\t\t\t<\/div>\n\t\t\t\t\t\t<\/div>\n\t\t\t\t<\/div>\n\t\t\t\t<div class=\"elementor-element elementor-element-6852f1a elementor-widget elementor-widget-spacer\" data-id=\"6852f1a\" data-element_type=\"widget\" data-e-type=\"widget\" data-widget_type=\"spacer.default\">\n\t\t\t\t<div class=\"elementor-widget-container\">\n\t\t\t\t\t\t\t<div class=\"elementor-spacer\">\n\t\t\t<div class=\"elementor-spacer-inner\"><\/div>\n\t\t<\/div>\n\t\t\t\t\t\t<\/div>\n\t\t\t\t<\/div>\n\t\t\t\t\t<\/div>\n\t\t\t\t<\/div>\n\t\t\t\t<\/div>","protected":false},"excerpt":{"rendered":"<p>Contactez nous Chez A\u00e9raGo, nous sommes \u00e0 votre \u00e9coute pour toute question, demande d\u2019information ou assistance. N\u2019h\u00e9sitez pas \u00e0 nous contacter, notre \u00e9quipe vous r\u00e9pondra dans les plus brefs d\u00e9lais. [&hellip;]<\/p>","protected":false},"author":1,"featured_media":0,"parent":0,"menu_order":0,"comment_status":"closed","ping_status":"closed","template":"","meta":{"footnotes":""},"class_list":["post-32","page","type-page","status-publish","hentry"],"yoast_head":"<!-- This site is optimized with the Yoast SEO plugin v27.4 - https:\/\/yoast.com\/product\/yoast-seo-wordpress\/ -->\n<title>Contact - A\u00e9raGo<\/title>\n<meta name=\"robots\" content=\"index, follow, max-snippet:-1, max-image-preview:large, max-video-preview:-1\" \/>\n<link rel=\"canonical\" href=\"https:\/\/xn--arago-bsa.com\/en\/contact\/\" \/>\n<meta property=\"og:locale\" content=\"en_GB\" \/>\n<meta property=\"og:type\" content=\"article\" \/>\n<meta property=\"og:title\" content=\"Contact - A\u00e9raGo\" \/>\n<meta property=\"og:description\" content=\"Contactez nous Chez A\u00e9raGo, nous sommes \u00e0 votre \u00e9coute pour toute question, demande d\u2019information ou assistance. N\u2019h\u00e9sitez pas \u00e0 nous contacter, notre \u00e9quipe vous r\u00e9pondra dans les plus brefs d\u00e9lais. [&hellip;]\" \/>\n<meta property=\"og:url\" content=\"https:\/\/xn--arago-bsa.com\/en\/contact\/\" \/>\n<meta property=\"og:site_name\" content=\"A\u00e9raGo\" \/>\n<meta property=\"article:modified_time\" content=\"2025-05-17T21:43:33+00:00\" \/>\n<meta name=\"twitter:card\" content=\"summary_large_image\" \/>\n<meta name=\"twitter:label1\" content=\"Estimated reading time\" \/>\n\t<meta name=\"twitter:data1\" content=\"1 minute\" \/>\n<script type=\"application\/ld+json\" class=\"yoast-schema-graph\">{\"@context\":\"https:\\\/\\\/schema.org\",\"@graph\":[{\"@type\":\"WebPage\",\"@id\":\"https:\\\/\\\/xn--arago-bsa.com\\\/contact\\\/\",\"url\":\"https:\\\/\\\/xn--arago-bsa.com\\\/contact\\\/\",\"name\":\"Contact - A\u00e9raGo\",\"isPartOf\":{\"@id\":\"https:\\\/\\\/xn--arago-bsa.com\\\/#website\"},\"datePublished\":\"2025-05-06T19:17:19+00:00\",\"dateModified\":\"2025-05-17T21:43:33+00:00\",\"breadcrumb\":{\"@id\":\"https:\\\/\\\/xn--arago-bsa.com\\\/contact\\\/#breadcrumb\"},\"inLanguage\":\"en-GB\",\"potentialAction\":[{\"@type\":\"ReadAction\",\"target\":[\"https:\\\/\\\/xn--arago-bsa.com\\\/contact\\\/\"]}]},{\"@type\":\"BreadcrumbList\",\"@id\":\"https:\\\/\\\/xn--arago-bsa.com\\\/contact\\\/#breadcrumb\",\"itemListElement\":[{\"@type\":\"ListItem\",\"position\":1,\"name\":\"Home\",\"item\":\"https:\\\/\\\/xn--arago-bsa.com\\\/\"},{\"@type\":\"ListItem\",\"position\":2,\"name\":\"Contact\"}]},{\"@type\":\"WebSite\",\"@id\":\"https:\\\/\\\/xn--arago-bsa.com\\\/#website\",\"url\":\"https:\\\/\\\/xn--arago-bsa.com\\\/\",\"name\":\"a\u00e9rago.com\",\"description\":\"A\u00e9raGo est sp\u00e9cialis\u00e9e dans les ventilateurs au design \u00e9pur\u00e9. Pratiques et \u00e9l\u00e9gants, ils vous apportent de la fra\u00eecheur o\u00f9 que vous soyez.\",\"publisher\":{\"@id\":\"https:\\\/\\\/xn--arago-bsa.com\\\/#\\\/schema\\\/person\\\/aafa2158d94aea343a4af5ce729400bd\"},\"potentialAction\":[{\"@type\":\"SearchAction\",\"target\":{\"@type\":\"EntryPoint\",\"urlTemplate\":\"https:\\\/\\\/xn--arago-bsa.com\\\/?s={search_term_string}\"},\"query-input\":{\"@type\":\"PropertyValueSpecification\",\"valueRequired\":true,\"valueName\":\"search_term_string\"}}],\"inLanguage\":\"en-GB\"},{\"@type\":[\"Person\",\"Organization\"],\"@id\":\"https:\\\/\\\/xn--arago-bsa.com\\\/#\\\/schema\\\/person\\\/aafa2158d94aea343a4af5ce729400bd\",\"name\":\"work.working47nhftkgqa@gmail.com\",\"image\":{\"@type\":\"ImageObject\",\"inLanguage\":\"en-GB\",\"@id\":\"https:\\\/\\\/i0.wp.com\\\/xn--arago-bsa.com\\\/wp-content\\\/uploads\\\/2025\\\/05\\\/cropped-cropped-cropped-cropped-cropped-1AGo.png?fit=1098%2C321&ssl=1\",\"url\":\"https:\\\/\\\/i0.wp.com\\\/xn--arago-bsa.com\\\/wp-content\\\/uploads\\\/2025\\\/05\\\/cropped-cropped-cropped-cropped-cropped-1AGo.png?fit=1098%2C321&ssl=1\",\"contentUrl\":\"https:\\\/\\\/i0.wp.com\\\/xn--arago-bsa.com\\\/wp-content\\\/uploads\\\/2025\\\/05\\\/cropped-cropped-cropped-cropped-cropped-1AGo.png?fit=1098%2C321&ssl=1\",\"width\":1098,\"height\":321,\"caption\":\"work.working47nhftkgqa@gmail.com\"},\"logo\":{\"@id\":\"https:\\\/\\\/i0.wp.com\\\/xn--arago-bsa.com\\\/wp-content\\\/uploads\\\/2025\\\/05\\\/cropped-cropped-cropped-cropped-cropped-1AGo.png?fit=1098%2C321&ssl=1\"},\"sameAs\":[\"http:\\\/\\\/xn--arago-bsa.com\"]}]}<\/script>\n<!-- \/ Yoast SEO plugin. -->","yoast_head_json":{"title":"Contact - A\u00e9raGo","robots":{"index":"index","follow":"follow","max-snippet":"max-snippet:-1","max-image-preview":"max-image-preview:large","max-video-preview":"max-video-preview:-1"},"canonical":"https:\/\/xn--arago-bsa.com\/en\/contact\/","og_locale":"en_GB","og_type":"article","og_title":"Contact - A\u00e9raGo","og_description":"Contactez nous Chez A\u00e9raGo, nous sommes \u00e0 votre \u00e9coute pour toute question, demande d\u2019information ou assistance. N\u2019h\u00e9sitez pas \u00e0 nous contacter, notre \u00e9quipe vous r\u00e9pondra dans les plus brefs d\u00e9lais. [&hellip;]","og_url":"https:\/\/xn--arago-bsa.com\/en\/contact\/","og_site_name":"A\u00e9raGo","article_modified_time":"2025-05-17T21:43:33+00:00","twitter_card":"summary_large_image","twitter_misc":{"Estimated reading time":"1 minute"},"schema":{"@context":"https:\/\/schema.org","@graph":[{"@type":"WebPage","@id":"https:\/\/xn--arago-bsa.com\/contact\/","url":"https:\/\/xn--arago-bsa.com\/contact\/","name":"Contact - A\u00e9raGo","isPartOf":{"@id":"https:\/\/xn--arago-bsa.com\/#website"},"datePublished":"2025-05-06T19:17:19+00:00","dateModified":"2025-05-17T21:43:33+00:00","breadcrumb":{"@id":"https:\/\/xn--arago-bsa.com\/contact\/#breadcrumb"},"inLanguage":"en-GB","potentialAction":[{"@type":"ReadAction","target":["https:\/\/xn--arago-bsa.com\/contact\/"]}]},{"@type":"BreadcrumbList","@id":"https:\/\/xn--arago-bsa.com\/contact\/#breadcrumb","itemListElement":[{"@type":"ListItem","position":1,"name":"Home","item":"https:\/\/xn--arago-bsa.com\/"},{"@type":"ListItem","position":2,"name":"Contact"}]},{"@type":"WebSite","@id":"https:\/\/xn--arago-bsa.com\/#website","url":"https:\/\/xn--arago-bsa.com\/","name":"a\u00e9rago.com","description":"A\u00e9raGo specialises in fans with a sleek design. Practical and elegant, they keep you cool wherever you are.","publisher":{"@id":"https:\/\/xn--arago-bsa.com\/#\/schema\/person\/aafa2158d94aea343a4af5ce729400bd"},"potentialAction":[{"@type":"SearchAction","target":{"@type":"EntryPoint","urlTemplate":"https:\/\/xn--arago-bsa.com\/?s={search_term_string}"},"query-input":{"@type":"PropertyValueSpecification","valueRequired":true,"valueName":"search_term_string"}}],"inLanguage":"en-GB"},{"@type":["Person","Organization"],"@id":"https:\/\/xn--arago-bsa.com\/#\/schema\/person\/aafa2158d94aea343a4af5ce729400bd","name":"work.working47nhftkgqa@gmail.com","image":{"@type":"ImageObject","inLanguage":"en-GB","@id":"https:\/\/i0.wp.com\/xn--arago-bsa.com\/wp-content\/uploads\/2025\/05\/cropped-cropped-cropped-cropped-cropped-1AGo.png?fit=1098%2C321&ssl=1","url":"https:\/\/i0.wp.com\/xn--arago-bsa.com\/wp-content\/uploads\/2025\/05\/cropped-cropped-cropped-cropped-cropped-1AGo.png?fit=1098%2C321&ssl=1","contentUrl":"https:\/\/i0.wp.com\/xn--arago-bsa.com\/wp-content\/uploads\/2025\/05\/cropped-cropped-cropped-cropped-cropped-1AGo.png?fit=1098%2C321&ssl=1","width":1098,"height":321,"caption":"work.working47nhftkgqa@gmail.com"},"logo":{"@id":"https:\/\/i0.wp.com\/xn--arago-bsa.com\/wp-content\/uploads\/2025\/05\/cropped-cropped-cropped-cropped-cropped-1AGo.png?fit=1098%2C321&ssl=1"},"sameAs":["http:\/\/xn--arago-bsa.com"]}]}},"jetpack_sharing_enabled":true,"_links":{"self":[{"href":"https:\/\/xn--arago-bsa.com\/en\/wp-json\/wp\/v2\/pages\/32","targetHints":{"allow":["GET"]}}],"collection":[{"href":"https:\/\/xn--arago-bsa.com\/en\/wp-json\/wp\/v2\/pages"}],"about":[{"href":"https:\/\/xn--arago-bsa.com\/en\/wp-json\/wp\/v2\/types\/page"}],"author":[{"embeddable":true,"href":"https:\/\/xn--arago-bsa.com\/en\/wp-json\/wp\/v2\/users\/1"}],"replies":[{"embeddable":true,"href":"https:\/\/xn--arago-bsa.com\/en\/wp-json\/wp\/v2\/comments?post=32"}],"version-history":[{"count":0,"href":"https:\/\/xn--arago-bsa.com\/en\/wp-json\/wp\/v2\/pages\/32\/revisions"}],"wp:attachment":[{"href":"https:\/\/xn--arago-bsa.com\/en\/wp-json\/wp\/v2\/media?parent=32"}],"curies":[{"name":"wp","href":"https:\/\/api.w.org\/{rel}","templated":true}]}}