{"id":168,"date":"2025-05-09T13:14:42","date_gmt":"2025-05-09T13:14:42","guid":{"rendered":"https:\/\/a\u00e9rago.com\/?page_id=168"},"modified":"2025-05-22T18:02:20","modified_gmt":"2025-05-22T18:02:20","slug":"politique-de-confidentialite","status":"publish","type":"page","link":"https:\/\/xn--arago-bsa.com\/en\/politique-de-confidentialite\/","title":{"rendered":"Privacy policy"},"content":{"rendered":"<div data-elementor-type=\"wp-page\" data-elementor-id=\"168\" class=\"elementor elementor-168\">\n\t\t\t\t<div class=\"elementor-element elementor-element-4d6f4bf5 e-flex e-con-boxed e-con e-parent\" data-id=\"4d6f4bf5\" data-element_type=\"container\" data-e-type=\"container\">\n\t\t\t\t\t<div class=\"e-con-inner\">\n\t\t\t\t<div class=\"elementor-element elementor-element-64401ee elementor-widget elementor-widget-spacer\" data-id=\"64401ee\" data-element_type=\"widget\" data-e-type=\"widget\" data-widget_type=\"spacer.default\">\n\t\t\t\t<div class=\"elementor-widget-container\">\n\t\t\t\t\t\t\t<div class=\"elementor-spacer\">\n\t\t\t<div class=\"elementor-spacer-inner\"><\/div>\n\t\t<\/div>\n\t\t\t\t\t\t<\/div>\n\t\t\t\t<\/div>\n\t\t\t\t<div class=\"elementor-element elementor-element-42f56539 elementor-widget elementor-widget-text-editor\" data-id=\"42f56539\" data-element_type=\"widget\" data-e-type=\"widget\" data-widget_type=\"text-editor.default\">\n\t\t\t\t<div class=\"elementor-widget-container\">\n\t\t\t\t\t\t\t\t\t\n<h2 class=\"wp-block-heading\">\ud83d\udd10 Privacy Policy<\/h2>\n<p><strong>Last update: 13\/05\/2025<\/strong><\/p>\n<p class=\"translation-block\">This Privacy Policy describes how A\u00e9raGo collects, uses and protects the personal data of the users of its website accessible at the following address <a href=\"https:\/\/a\u00e9rago.com\" target=\"_self\">https:\/\/a\u00e9rago.com<\/a>.<\/p>\n<h3>1. Data controller<\/h3>\n<p>The data controller is :<br \/><strong>A\u00e9raGo<\/strong><br \/>Email : <a href=\"mailto:service.client@aerago.com\">service.client@aerago.com<\/a><\/p>\n<h3>2. Personal data collected<\/h3>\n<p>We may collect the following types of data:<\/p>\n<ul>\n<li>\n<p class=\"translation-block\"><strong>Identification data<\/strong>: surname, first name, email address, telephone number.<\/p>\n<\/li>\n<li>\n<p class=\"translation-block\"><strong>Order data<\/strong>: postal address, purchase history.<\/p>\n<\/li>\n<li>\n<p class=\"translation-block\"><strong>Payment details<\/strong>: only transmitted to secure payment services (we do not store bank details).<\/p>\n<\/li>\n<li>\n<p class=\"translation-block\"><strong>Browsing data<\/strong>: IP address, browser type, pages visited, connection time.<\/p>\n<\/li>\n<li>\n<p class=\"translation-block\"><strong>Marketing data<\/strong>: newsletter subscription preferences, email interactions (via MailPoet).<\/p>\n<\/li>\n<\/ul>\n<h3>3. Purpose of data collection<\/h3>\n<p>Personal data is used for :<\/p>\n<ul>\n<li>\n<p>Process and deliver your orders.<\/p>\n<\/li>\n<li>\n<p>Manage your customer account.<\/p>\n<\/li>\n<li>\n<p>To send you information or promotional emails (if you have given your consent).<\/p>\n<\/li>\n<li>\n<p>To improve the user experience and the operation of the site.<\/p>\n<\/li>\n<li>\n<p>Ensuring safety and preventing fraud.<\/p>\n<\/li>\n<\/ul>\n<h3>4. Recipients of data<\/h3>\n<p>Your data may be transmitted to the following service providers, solely for the purposes mentioned:<\/p>\n<ul>\n<li>\n<p class=\"translation-block\"><strong>Payment services<\/strong>: PayPal, Stripe.<\/p>\n<\/li>\n<li>\n<p class=\"translation-block\"><strong>Email marketing services<\/strong> : MailPoet.<\/p>\n<\/li>\n<li>\n<p class=\"translation-block\"><strong>Audience analysis and performance<\/strong>: Google Analytics via Site Kit.<\/p>\n<\/li>\n<li>\n<p class=\"translation-block\"><strong>Transporters \/ Suppliers<\/strong>: via our order management tool.<\/p>\n<\/li>\n<li>\n<p class=\"translation-block\"><strong>Site host<\/strong>: Hostinger.<\/p>\n<\/li>\n<\/ul>\n<p>These service providers are all subject to strict confidentiality and data security commitments.<\/p>\n<h3>5. Shelf life<\/h3>\n<p>Data is kept for the time necessary to fulfil the above purposes:<\/p>\n<ul>\n<li>\n<p>Order data: 6 years (legal obligation).<\/p>\n<\/li>\n<li>\n<p>Browsing data: 13 months maximum.<\/p>\n<\/li>\n<li>\n<p>Marketing data: until you unsubscribe or delete your account.<\/p>\n<\/li>\n<\/ul>\n<h3>6. Your rights<\/h3>\n<p>In accordance with the General Data Protection Regulation (GDPR), you have the following rights:<\/p>\n<ul>\n<li>\n<p>Access to your personal data.<\/p>\n<\/li>\n<li>\n<p>Rectification or deletion of your data.<\/p>\n<\/li>\n<li>\n<p>Opposition or restriction of processing.<\/p>\n<\/li>\n<li>\n<p>Portability of your data.<\/p>\n<\/li>\n<\/ul>\n<p class=\"translation-block\">To exercise your rights, contact us at <a href=\"mailto:service.client@aerago.com\" target=\"_self\">service.client@aerago.com<\/a><\/p>\n<h3>7. Cookies<\/h3>\n<p>We use cookies to improve your experience, track site performance and deliver relevant content. You can manage your preferences from the cookie banner when you visit the site.<\/p>\n<h3>8. Data security<\/h3>\n<p>We implement technical and organisational measures (encryption, firewall, authentication) to ensure the security of your data.<\/p>\n<p>\u00a0<\/p>\t\t\t\t\t\t\t\t<\/div>\n\t\t\t\t<\/div>\n\t\t\t\t<div class=\"elementor-element elementor-element-3895f03 elementor-widget elementor-widget-spacer\" data-id=\"3895f03\" data-element_type=\"widget\" data-e-type=\"widget\" data-widget_type=\"spacer.default\">\n\t\t\t\t<div class=\"elementor-widget-container\">\n\t\t\t\t\t\t\t<div class=\"elementor-spacer\">\n\t\t\t<div class=\"elementor-spacer-inner\"><\/div>\n\t\t<\/div>\n\t\t\t\t\t\t<\/div>\n\t\t\t\t<\/div>\n\t\t\t\t\t<\/div>\n\t\t\t\t<\/div>\n\t\t\t\t<\/div>","protected":false},"excerpt":{"rendered":"<p>\ud83d\udd10 Politique de Confidentialit\u00e9 Derni\u00e8re mise \u00e0 jour : 13\/05\/2025 La pr\u00e9sente Politique de Confidentialit\u00e9 d\u00e9crit comment A\u00e9raGo collecte, utilise et prot\u00e8ge les donn\u00e9es personnelles des utilisateurs de son site [&hellip;]<\/p>","protected":false},"author":1,"featured_media":0,"parent":0,"menu_order":0,"comment_status":"closed","ping_status":"closed","template":"elementor_header_footer","meta":{"footnotes":""},"class_list":["post-168","page","type-page","status-publish","hentry"],"yoast_head":"<!-- This site is optimized with the Yoast SEO plugin v27.4 - https:\/\/yoast.com\/product\/yoast-seo-wordpress\/ -->\n<title>Politique de confidentialit\u00e9 - A\u00e9raGo<\/title>\n<meta name=\"robots\" content=\"index, follow, max-snippet:-1, max-image-preview:large, max-video-preview:-1\" \/>\n<link rel=\"canonical\" href=\"https:\/\/xn--arago-bsa.com\/en\/politique-de-confidentialite\/\" \/>\n<meta property=\"og:locale\" content=\"en_GB\" \/>\n<meta property=\"og:type\" content=\"article\" \/>\n<meta property=\"og:title\" content=\"Politique de confidentialit\u00e9 - A\u00e9raGo\" \/>\n<meta property=\"og:description\" content=\"\ud83d\udd10 Politique de Confidentialit\u00e9 Derni\u00e8re mise \u00e0 jour : 13\/05\/2025 La pr\u00e9sente Politique de Confidentialit\u00e9 d\u00e9crit comment A\u00e9raGo collecte, utilise et prot\u00e8ge les donn\u00e9es personnelles des utilisateurs de son site [&hellip;]\" \/>\n<meta property=\"og:url\" content=\"https:\/\/xn--arago-bsa.com\/en\/politique-de-confidentialite\/\" \/>\n<meta property=\"og:site_name\" content=\"A\u00e9raGo\" \/>\n<meta property=\"article:modified_time\" content=\"2025-05-22T18:02:20+00:00\" \/>\n<meta name=\"twitter:card\" content=\"summary_large_image\" \/>\n<meta name=\"twitter:label1\" content=\"Estimated reading time\" \/>\n\t<meta name=\"twitter:data1\" content=\"2 minutes\" \/>\n<script type=\"application\/ld+json\" class=\"yoast-schema-graph\">{\"@context\":\"https:\\\/\\\/schema.org\",\"@graph\":[{\"@type\":\"WebPage\",\"@id\":\"https:\\\/\\\/xn--arago-bsa.com\\\/politique-de-confidentialite\\\/\",\"url\":\"https:\\\/\\\/xn--arago-bsa.com\\\/politique-de-confidentialite\\\/\",\"name\":\"Politique de confidentialit\u00e9 - A\u00e9raGo\",\"isPartOf\":{\"@id\":\"https:\\\/\\\/xn--arago-bsa.com\\\/#website\"},\"datePublished\":\"2025-05-09T13:14:42+00:00\",\"dateModified\":\"2025-05-22T18:02:20+00:00\",\"breadcrumb\":{\"@id\":\"https:\\\/\\\/xn--arago-bsa.com\\\/politique-de-confidentialite\\\/#breadcrumb\"},\"inLanguage\":\"en-GB\",\"potentialAction\":[{\"@type\":\"ReadAction\",\"target\":[\"https:\\\/\\\/xn--arago-bsa.com\\\/politique-de-confidentialite\\\/\"]}]},{\"@type\":\"BreadcrumbList\",\"@id\":\"https:\\\/\\\/xn--arago-bsa.com\\\/politique-de-confidentialite\\\/#breadcrumb\",\"itemListElement\":[{\"@type\":\"ListItem\",\"position\":1,\"name\":\"Home\",\"item\":\"https:\\\/\\\/xn--arago-bsa.com\\\/\"},{\"@type\":\"ListItem\",\"position\":2,\"name\":\"Politique de confidentialit\u00e9\"}]},{\"@type\":\"WebSite\",\"@id\":\"https:\\\/\\\/xn--arago-bsa.com\\\/#website\",\"url\":\"https:\\\/\\\/xn--arago-bsa.com\\\/\",\"name\":\"a\u00e9rago.com\",\"description\":\"A\u00e9raGo est sp\u00e9cialis\u00e9e dans les ventilateurs au design \u00e9pur\u00e9. Pratiques et \u00e9l\u00e9gants, ils vous apportent de la fra\u00eecheur o\u00f9 que vous soyez.\",\"publisher\":{\"@id\":\"https:\\\/\\\/xn--arago-bsa.com\\\/#\\\/schema\\\/person\\\/aafa2158d94aea343a4af5ce729400bd\"},\"potentialAction\":[{\"@type\":\"SearchAction\",\"target\":{\"@type\":\"EntryPoint\",\"urlTemplate\":\"https:\\\/\\\/xn--arago-bsa.com\\\/?s={search_term_string}\"},\"query-input\":{\"@type\":\"PropertyValueSpecification\",\"valueRequired\":true,\"valueName\":\"search_term_string\"}}],\"inLanguage\":\"en-GB\"},{\"@type\":[\"Person\",\"Organization\"],\"@id\":\"https:\\\/\\\/xn--arago-bsa.com\\\/#\\\/schema\\\/person\\\/aafa2158d94aea343a4af5ce729400bd\",\"name\":\"work.working47nhftkgqa@gmail.com\",\"image\":{\"@type\":\"ImageObject\",\"inLanguage\":\"en-GB\",\"@id\":\"https:\\\/\\\/i0.wp.com\\\/xn--arago-bsa.com\\\/wp-content\\\/uploads\\\/2025\\\/05\\\/cropped-cropped-cropped-cropped-cropped-1AGo.png?fit=1098%2C321&ssl=1\",\"url\":\"https:\\\/\\\/i0.wp.com\\\/xn--arago-bsa.com\\\/wp-content\\\/uploads\\\/2025\\\/05\\\/cropped-cropped-cropped-cropped-cropped-1AGo.png?fit=1098%2C321&ssl=1\",\"contentUrl\":\"https:\\\/\\\/i0.wp.com\\\/xn--arago-bsa.com\\\/wp-content\\\/uploads\\\/2025\\\/05\\\/cropped-cropped-cropped-cropped-cropped-1AGo.png?fit=1098%2C321&ssl=1\",\"width\":1098,\"height\":321,\"caption\":\"work.working47nhftkgqa@gmail.com\"},\"logo\":{\"@id\":\"https:\\\/\\\/i0.wp.com\\\/xn--arago-bsa.com\\\/wp-content\\\/uploads\\\/2025\\\/05\\\/cropped-cropped-cropped-cropped-cropped-1AGo.png?fit=1098%2C321&ssl=1\"},\"sameAs\":[\"http:\\\/\\\/xn--arago-bsa.com\"]}]}<\/script>\n<!-- \/ Yoast SEO plugin. -->","yoast_head_json":{"title":"Politique de confidentialit\u00e9 - A\u00e9raGo","robots":{"index":"index","follow":"follow","max-snippet":"max-snippet:-1","max-image-preview":"max-image-preview:large","max-video-preview":"max-video-preview:-1"},"canonical":"https:\/\/xn--arago-bsa.com\/en\/politique-de-confidentialite\/","og_locale":"en_GB","og_type":"article","og_title":"Politique de confidentialit\u00e9 - A\u00e9raGo","og_description":"\ud83d\udd10 Politique de Confidentialit\u00e9 Derni\u00e8re mise \u00e0 jour : 13\/05\/2025 La pr\u00e9sente Politique de Confidentialit\u00e9 d\u00e9crit comment A\u00e9raGo collecte, utilise et prot\u00e8ge les donn\u00e9es personnelles des utilisateurs de son site [&hellip;]","og_url":"https:\/\/xn--arago-bsa.com\/en\/politique-de-confidentialite\/","og_site_name":"A\u00e9raGo","article_modified_time":"2025-05-22T18:02:20+00:00","twitter_card":"summary_large_image","twitter_misc":{"Estimated reading time":"2 minutes"},"schema":{"@context":"https:\/\/schema.org","@graph":[{"@type":"WebPage","@id":"https:\/\/xn--arago-bsa.com\/politique-de-confidentialite\/","url":"https:\/\/xn--arago-bsa.com\/politique-de-confidentialite\/","name":"Politique de confidentialit\u00e9 - A\u00e9raGo","isPartOf":{"@id":"https:\/\/xn--arago-bsa.com\/#website"},"datePublished":"2025-05-09T13:14:42+00:00","dateModified":"2025-05-22T18:02:20+00:00","breadcrumb":{"@id":"https:\/\/xn--arago-bsa.com\/politique-de-confidentialite\/#breadcrumb"},"inLanguage":"en-GB","potentialAction":[{"@type":"ReadAction","target":["https:\/\/xn--arago-bsa.com\/politique-de-confidentialite\/"]}]},{"@type":"BreadcrumbList","@id":"https:\/\/xn--arago-bsa.com\/politique-de-confidentialite\/#breadcrumb","itemListElement":[{"@type":"ListItem","position":1,"name":"Home","item":"https:\/\/xn--arago-bsa.com\/"},{"@type":"ListItem","position":2,"name":"Politique de confidentialit\u00e9"}]},{"@type":"WebSite","@id":"https:\/\/xn--arago-bsa.com\/#website","url":"https:\/\/xn--arago-bsa.com\/","name":"a\u00e9rago.com","description":"A\u00e9raGo specialises in fans with a sleek design. Practical and elegant, they keep you cool wherever you are.","publisher":{"@id":"https:\/\/xn--arago-bsa.com\/#\/schema\/person\/aafa2158d94aea343a4af5ce729400bd"},"potentialAction":[{"@type":"SearchAction","target":{"@type":"EntryPoint","urlTemplate":"https:\/\/xn--arago-bsa.com\/?s={search_term_string}"},"query-input":{"@type":"PropertyValueSpecification","valueRequired":true,"valueName":"search_term_string"}}],"inLanguage":"en-GB"},{"@type":["Person","Organization"],"@id":"https:\/\/xn--arago-bsa.com\/#\/schema\/person\/aafa2158d94aea343a4af5ce729400bd","name":"work.working47nhftkgqa@gmail.com","image":{"@type":"ImageObject","inLanguage":"en-GB","@id":"https:\/\/i0.wp.com\/xn--arago-bsa.com\/wp-content\/uploads\/2025\/05\/cropped-cropped-cropped-cropped-cropped-1AGo.png?fit=1098%2C321&ssl=1","url":"https:\/\/i0.wp.com\/xn--arago-bsa.com\/wp-content\/uploads\/2025\/05\/cropped-cropped-cropped-cropped-cropped-1AGo.png?fit=1098%2C321&ssl=1","contentUrl":"https:\/\/i0.wp.com\/xn--arago-bsa.com\/wp-content\/uploads\/2025\/05\/cropped-cropped-cropped-cropped-cropped-1AGo.png?fit=1098%2C321&ssl=1","width":1098,"height":321,"caption":"work.working47nhftkgqa@gmail.com"},"logo":{"@id":"https:\/\/i0.wp.com\/xn--arago-bsa.com\/wp-content\/uploads\/2025\/05\/cropped-cropped-cropped-cropped-cropped-1AGo.png?fit=1098%2C321&ssl=1"},"sameAs":["http:\/\/xn--arago-bsa.com"]}]}},"jetpack_sharing_enabled":true,"_links":{"self":[{"href":"https:\/\/xn--arago-bsa.com\/en\/wp-json\/wp\/v2\/pages\/168","targetHints":{"allow":["GET"]}}],"collection":[{"href":"https:\/\/xn--arago-bsa.com\/en\/wp-json\/wp\/v2\/pages"}],"about":[{"href":"https:\/\/xn--arago-bsa.com\/en\/wp-json\/wp\/v2\/types\/page"}],"author":[{"embeddable":true,"href":"https:\/\/xn--arago-bsa.com\/en\/wp-json\/wp\/v2\/users\/1"}],"replies":[{"embeddable":true,"href":"https:\/\/xn--arago-bsa.com\/en\/wp-json\/wp\/v2\/comments?post=168"}],"version-history":[{"count":0,"href":"https:\/\/xn--arago-bsa.com\/en\/wp-json\/wp\/v2\/pages\/168\/revisions"}],"wp:attachment":[{"href":"https:\/\/xn--arago-bsa.com\/en\/wp-json\/wp\/v2\/media?parent=168"}],"curies":[{"name":"wp","href":"https:\/\/api.w.org\/{rel}","templated":true}]}}