{"id":10,"date":"2025-05-06T18:31:57","date_gmt":"2025-05-06T18:31:57","guid":{"rendered":"https:\/\/xn--arago-bsa.com\/my-account\/"},"modified":"2025-05-06T18:36:56","modified_gmt":"2025-05-06T18:36:56","slug":"mon-compte","status":"publish","type":"page","link":"https:\/\/xn--arago-bsa.com\/en\/mon-compte\/","title":{"rendered":"Mon compte"},"content":{"rendered":"<div class=\"woocommerce\"><\/div>","protected":false},"excerpt":{"rendered":"","protected":false},"author":1,"featured_media":0,"parent":0,"menu_order":0,"comment_status":"closed","ping_status":"closed","template":"","meta":{"footnotes":""},"class_list":["post-10","page","type-page","status-publish","hentry"],"yoast_head":"<!-- This site is optimized with the Yoast SEO plugin v27.4 - https:\/\/yoast.com\/product\/yoast-seo-wordpress\/ -->\n<title>Mon compte - A\u00e9raGo<\/title>\n<meta name=\"robots\" content=\"index, follow, max-snippet:-1, max-image-preview:large, max-video-preview:-1\" \/>\n<link rel=\"canonical\" href=\"https:\/\/xn--arago-bsa.com\/en\/mon-compte\/\" \/>\n<meta property=\"og:locale\" content=\"en_GB\" \/>\n<meta property=\"og:type\" content=\"article\" \/>\n<meta property=\"og:title\" content=\"Mon compte - A\u00e9raGo\" \/>\n<meta property=\"og:url\" content=\"https:\/\/xn--arago-bsa.com\/en\/mon-compte\/\" \/>\n<meta property=\"og:site_name\" content=\"A\u00e9raGo\" \/>\n<meta property=\"article:modified_time\" content=\"2025-05-06T18:36:56+00:00\" \/>\n<meta name=\"twitter:card\" content=\"summary_large_image\" \/>\n<script type=\"application\/ld+json\" class=\"yoast-schema-graph\">{\"@context\":\"https:\\\/\\\/schema.org\",\"@graph\":[{\"@type\":\"WebPage\",\"@id\":\"https:\\\/\\\/xn--arago-bsa.com\\\/mon-compte\\\/\",\"url\":\"https:\\\/\\\/xn--arago-bsa.com\\\/mon-compte\\\/\",\"name\":\"Mon compte - A\u00e9raGo\",\"isPartOf\":{\"@id\":\"https:\\\/\\\/xn--arago-bsa.com\\\/#website\"},\"datePublished\":\"2025-05-06T18:31:57+00:00\",\"dateModified\":\"2025-05-06T18:36:56+00:00\",\"breadcrumb\":{\"@id\":\"https:\\\/\\\/xn--arago-bsa.com\\\/mon-compte\\\/#breadcrumb\"},\"inLanguage\":\"en-GB\",\"potentialAction\":[{\"@type\":\"ReadAction\",\"target\":[\"https:\\\/\\\/xn--arago-bsa.com\\\/mon-compte\\\/\"]}]},{\"@type\":\"BreadcrumbList\",\"@id\":\"https:\\\/\\\/xn--arago-bsa.com\\\/mon-compte\\\/#breadcrumb\",\"itemListElement\":[{\"@type\":\"ListItem\",\"position\":1,\"name\":\"Home\",\"item\":\"https:\\\/\\\/xn--arago-bsa.com\\\/\"},{\"@type\":\"ListItem\",\"position\":2,\"name\":\"Mon compte\"}]},{\"@type\":\"WebSite\",\"@id\":\"https:\\\/\\\/xn--arago-bsa.com\\\/#website\",\"url\":\"https:\\\/\\\/xn--arago-bsa.com\\\/\",\"name\":\"a\u00e9rago.com\",\"description\":\"A\u00e9raGo est sp\u00e9cialis\u00e9e dans les ventilateurs au design \u00e9pur\u00e9. Pratiques et \u00e9l\u00e9gants, ils vous apportent de la fra\u00eecheur o\u00f9 que vous soyez.\",\"publisher\":{\"@id\":\"https:\\\/\\\/xn--arago-bsa.com\\\/#\\\/schema\\\/person\\\/aafa2158d94aea343a4af5ce729400bd\"},\"potentialAction\":[{\"@type\":\"SearchAction\",\"target\":{\"@type\":\"EntryPoint\",\"urlTemplate\":\"https:\\\/\\\/xn--arago-bsa.com\\\/?s={search_term_string}\"},\"query-input\":{\"@type\":\"PropertyValueSpecification\",\"valueRequired\":true,\"valueName\":\"search_term_string\"}}],\"inLanguage\":\"en-GB\"},{\"@type\":[\"Person\",\"Organization\"],\"@id\":\"https:\\\/\\\/xn--arago-bsa.com\\\/#\\\/schema\\\/person\\\/aafa2158d94aea343a4af5ce729400bd\",\"name\":\"work.working47nhftkgqa@gmail.com\",\"image\":{\"@type\":\"ImageObject\",\"inLanguage\":\"en-GB\",\"@id\":\"https:\\\/\\\/i0.wp.com\\\/xn--arago-bsa.com\\\/wp-content\\\/uploads\\\/2025\\\/05\\\/cropped-cropped-cropped-cropped-cropped-1AGo.png?fit=1098%2C321&ssl=1\",\"url\":\"https:\\\/\\\/i0.wp.com\\\/xn--arago-bsa.com\\\/wp-content\\\/uploads\\\/2025\\\/05\\\/cropped-cropped-cropped-cropped-cropped-1AGo.png?fit=1098%2C321&ssl=1\",\"contentUrl\":\"https:\\\/\\\/i0.wp.com\\\/xn--arago-bsa.com\\\/wp-content\\\/uploads\\\/2025\\\/05\\\/cropped-cropped-cropped-cropped-cropped-1AGo.png?fit=1098%2C321&ssl=1\",\"width\":1098,\"height\":321,\"caption\":\"work.working47nhftkgqa@gmail.com\"},\"logo\":{\"@id\":\"https:\\\/\\\/i0.wp.com\\\/xn--arago-bsa.com\\\/wp-content\\\/uploads\\\/2025\\\/05\\\/cropped-cropped-cropped-cropped-cropped-1AGo.png?fit=1098%2C321&ssl=1\"},\"sameAs\":[\"http:\\\/\\\/xn--arago-bsa.com\"]}]}<\/script>\n<!-- \/ Yoast SEO plugin. -->","yoast_head_json":{"title":"Mon compte - A\u00e9raGo","robots":{"index":"index","follow":"follow","max-snippet":"max-snippet:-1","max-image-preview":"max-image-preview:large","max-video-preview":"max-video-preview:-1"},"canonical":"https:\/\/xn--arago-bsa.com\/en\/mon-compte\/","og_locale":"en_GB","og_type":"article","og_title":"Mon compte - A\u00e9raGo","og_url":"https:\/\/xn--arago-bsa.com\/en\/mon-compte\/","og_site_name":"A\u00e9raGo","article_modified_time":"2025-05-06T18:36:56+00:00","twitter_card":"summary_large_image","schema":{"@context":"https:\/\/schema.org","@graph":[{"@type":"WebPage","@id":"https:\/\/xn--arago-bsa.com\/mon-compte\/","url":"https:\/\/xn--arago-bsa.com\/mon-compte\/","name":"Mon compte - A\u00e9raGo","isPartOf":{"@id":"https:\/\/xn--arago-bsa.com\/#website"},"datePublished":"2025-05-06T18:31:57+00:00","dateModified":"2025-05-06T18:36:56+00:00","breadcrumb":{"@id":"https:\/\/xn--arago-bsa.com\/mon-compte\/#breadcrumb"},"inLanguage":"en-GB","potentialAction":[{"@type":"ReadAction","target":["https:\/\/xn--arago-bsa.com\/mon-compte\/"]}]},{"@type":"BreadcrumbList","@id":"https:\/\/xn--arago-bsa.com\/mon-compte\/#breadcrumb","itemListElement":[{"@type":"ListItem","position":1,"name":"Home","item":"https:\/\/xn--arago-bsa.com\/"},{"@type":"ListItem","position":2,"name":"Mon compte"}]},{"@type":"WebSite","@id":"https:\/\/xn--arago-bsa.com\/#website","url":"https:\/\/xn--arago-bsa.com\/","name":"a\u00e9rago.com","description":"A\u00e9raGo specialises in fans with a sleek design. Practical and elegant, they keep you cool wherever you are.","publisher":{"@id":"https:\/\/xn--arago-bsa.com\/#\/schema\/person\/aafa2158d94aea343a4af5ce729400bd"},"potentialAction":[{"@type":"SearchAction","target":{"@type":"EntryPoint","urlTemplate":"https:\/\/xn--arago-bsa.com\/?s={search_term_string}"},"query-input":{"@type":"PropertyValueSpecification","valueRequired":true,"valueName":"search_term_string"}}],"inLanguage":"en-GB"},{"@type":["Person","Organization"],"@id":"https:\/\/xn--arago-bsa.com\/#\/schema\/person\/aafa2158d94aea343a4af5ce729400bd","name":"work.working47nhftkgqa@gmail.com","image":{"@type":"ImageObject","inLanguage":"en-GB","@id":"https:\/\/i0.wp.com\/xn--arago-bsa.com\/wp-content\/uploads\/2025\/05\/cropped-cropped-cropped-cropped-cropped-1AGo.png?fit=1098%2C321&ssl=1","url":"https:\/\/i0.wp.com\/xn--arago-bsa.com\/wp-content\/uploads\/2025\/05\/cropped-cropped-cropped-cropped-cropped-1AGo.png?fit=1098%2C321&ssl=1","contentUrl":"https:\/\/i0.wp.com\/xn--arago-bsa.com\/wp-content\/uploads\/2025\/05\/cropped-cropped-cropped-cropped-cropped-1AGo.png?fit=1098%2C321&ssl=1","width":1098,"height":321,"caption":"work.working47nhftkgqa@gmail.com"},"logo":{"@id":"https:\/\/i0.wp.com\/xn--arago-bsa.com\/wp-content\/uploads\/2025\/05\/cropped-cropped-cropped-cropped-cropped-1AGo.png?fit=1098%2C321&ssl=1"},"sameAs":["http:\/\/xn--arago-bsa.com"]}]}},"jetpack_sharing_enabled":true,"_links":{"self":[{"href":"https:\/\/xn--arago-bsa.com\/en\/wp-json\/wp\/v2\/pages\/10","targetHints":{"allow":["GET"]}}],"collection":[{"href":"https:\/\/xn--arago-bsa.com\/en\/wp-json\/wp\/v2\/pages"}],"about":[{"href":"https:\/\/xn--arago-bsa.com\/en\/wp-json\/wp\/v2\/types\/page"}],"author":[{"embeddable":true,"href":"https:\/\/xn--arago-bsa.com\/en\/wp-json\/wp\/v2\/users\/1"}],"replies":[{"embeddable":true,"href":"https:\/\/xn--arago-bsa.com\/en\/wp-json\/wp\/v2\/comments?post=10"}],"version-history":[{"count":0,"href":"https:\/\/xn--arago-bsa.com\/en\/wp-json\/wp\/v2\/pages\/10\/revisions"}],"wp:attachment":[{"href":"https:\/\/xn--arago-bsa.com\/en\/wp-json\/wp\/v2\/media?parent=10"}],"curies":[{"name":"wp","href":"https:\/\/api.w.org\/{rel}","templated":true}]}}